{"id":1973,"date":"2021-05-10T17:00:43","date_gmt":"2021-05-10T15:00:43","guid":{"rendered":"https:\/\/www.qanoid.com\/?post_type=product&#038;p=1973"},"modified":"2026-02-28T00:02:18","modified_gmt":"2026-02-27T23:02:18","slug":"cbd-olja-500mg-kop-cbd-thc-fri-basta-cbd-oljan-i-sverige","status":"publish","type":"product","link":"https:\/\/qanoid.com\/sv\/produkt\/cbd-olja-500mg-kop-cbd-thc-fri-basta-cbd-oljan-i-sverige\/","title":{"rendered":"Premium CBD Olja 500mg"},"content":{"rendered":"<p>Med sin lite svagare koncentration av CBD \u00e4r denna produkt framtagen f\u00f6r dig som testar CBD f\u00f6r f\u00f6rsta g\u00e5ngen eller som redan har funnit den r\u00e4tta styrkan.<\/p>\n<p>F\u00f6r att dra nytta av alla av hampans fantastiska egenskaper s\u00e5 anv\u00e4nder vi inte bara hampan till extraktionen av cannabinoiderna. V\u00e5r b\u00e4rarolja, allts\u00e5 den oljan som binder cannabinoiderna \u00e4r \u00e4ven den framst\u00e4lld fr\u00e5n hampaplantan och dess fr\u00f6n.<\/p>\n<p>Vi tar till vara p\u00e5 hela v\u00e4xten n\u00e4r vi skapar v\u00e5ra produkter. P\u00e5 s\u00e5 s\u00e4tt f\u00e5r vi inte bara ut maximal potential fr\u00e5n plantan, det \u00e4r ocks\u00e5 milj\u00f6v\u00e4nligt. Sj\u00e4lvfallet \u00e4r v\u00e5ra oljor framst\u00e4llda p\u00e5 EU-certiferad hampa.<\/p>\n<p><strong>Qanoid\u2019s Premium CBD Olja 500mg<\/strong> \u00e4r helt THC-fri och laglig i Sverige. Vi h\u00e5ller alltid vad vi lovar, vilket du enkelt kan kolla sj\u00e4lv p\u00e5 labbanalysen som \u00e4r gjord p\u00e5 denna olja!<\/p>\n<p>Om det \u00e4r n\u00e5got du undrar s\u00e5 finns vi h\u00e4r p\u00e5 chatten!<\/p>\n<ul>\n<li>Alla produkter \u00e4r labbstestade av 3:e part<\/li>\n<li>&lt; LOQ THC-niv\u00e5er*<\/li>\n<li>Bara naturliga \u00e4mnen<\/li>\n<li>Inga artificiella f\u00e4rg\u00e4mnen<\/li>\n<li>Inga tillsatta aromer eller bek\u00e4mpningsmedel<\/li>\n<li>GMP(Good Manufacturing Practice)<\/li>\n<li>GACP(Good Agricultural And Collection Practice)<\/li>\n<\/ul>\n<p>Produkten inneh\u00e5ller 500mg CBD och en stor variation av andra cannabinoider, vilket skapar en \u201dentourage effekt\u201d. Hampan odlas utan bek\u00e4mpningsmedel och andra skadliga kemikalier. De plantor som anv\u00e4nds i v\u00e5ra produkter \u00e4r noga utvalda och framst\u00e4llda helt organiskt.<\/p>\n<p>Qanoid\u2019s CBD Drops | 500mg kommer i en 10-ml glasflaska tillsammans med en pipett f\u00f6r en enkel dosering.<\/p>\n<p>*&lt; LOQ = below the limit of quantitation (0.03 % w\/w)<\/p>\n","protected":false},"excerpt":{"rendered":"<p>Med sin lite svagare koncentration av CBD \u00e4r denna produkt framtagen f\u00f6r dig som testar CBD f\u00f6r f\u00f6rsta g\u00e5ngen eller som redan har funnit den r\u00e4tta styrkan. F\u00f6r att dra nytta av alla av hampans fantastiska egenskaper s\u00e5 anv\u00e4nder vi inte bara hampan till extraktionen av cannabinoiderna. V\u00e5r b\u00e4rarolja, allts\u00e5 den oljan som binder cannabinoiderna [&#8230;]\n","protected":false},"featured_media":8447,"comment_status":"closed","ping_status":"closed","template":"","meta":[],"product_brand":[],"product_cat":[85],"product_tag":[],"class_list":{"0":"post-1973","1":"product","2":"type-product","3":"status-publish","4":"has-post-thumbnail","6":"product_cat-premium-cbd-drops-sv","8":"first","9":"outofstock","10":"sale","11":"taxable","12":"shipping-taxable","13":"purchasable","14":"product-type-simple"},"bundled_by":["5870","5872","4811"],"bundle_stock_status":"outofstock","bundle_stock_quantity":33,"bundle_virtual":false,"bundle_layout":"","bundle_add_to_cart_form_location":"","bundle_editable_in_cart":false,"bundle_sold_individually_context":"","bundle_item_grouping":"","bundle_min_size":"","bundle_max_size":"","bundle_price":[],"bundled_items":[],"bundle_sell_ids":[],"_links":{"self":[{"href":"https:\/\/qanoid.com\/sv\/wp-json\/wp\/v2\/product\/1973","targetHints":{"allow":["GET"]}}],"collection":[{"href":"https:\/\/qanoid.com\/sv\/wp-json\/wp\/v2\/product"}],"about":[{"href":"https:\/\/qanoid.com\/sv\/wp-json\/wp\/v2\/types\/product"}],"replies":[{"embeddable":true,"href":"https:\/\/qanoid.com\/sv\/wp-json\/wp\/v2\/comments?post=1973"}],"wp:featuredmedia":[{"embeddable":true,"href":"https:\/\/qanoid.com\/sv\/wp-json\/wp\/v2\/media\/8447"}],"wp:attachment":[{"href":"https:\/\/qanoid.com\/sv\/wp-json\/wp\/v2\/media?parent=1973"}],"wp:term":[{"taxonomy":"product_brand","embeddable":true,"href":"https:\/\/qanoid.com\/sv\/wp-json\/wp\/v2\/product_brand?post=1973"},{"taxonomy":"product_cat","embeddable":true,"href":"https:\/\/qanoid.com\/sv\/wp-json\/wp\/v2\/product_cat?post=1973"},{"taxonomy":"product_tag","embeddable":true,"href":"https:\/\/qanoid.com\/sv\/wp-json\/wp\/v2\/product_tag?post=1973"}],"curies":[{"name":"wp","href":"https:\/\/api.w.org\/{rel}","templated":true}]}}