{"id":11329,"date":"2023-05-28T18:14:46","date_gmt":"2023-05-28T16:14:46","guid":{"rendered":"https:\/\/qanoid.com\/?post_type=product&#038;p=11329"},"modified":"2026-03-06T15:02:50","modified_gmt":"2026-03-06T14:02:50","slug":"sv-arctic-blast-cbd-gel-1100mg","status":"publish","type":"product","link":"https:\/\/qanoid.com\/sv\/produkt\/sv-arctic-blast-cbd-gel-1100mg\/","title":{"rendered":"Arctic Blast CBD Gel -1100mg"},"content":{"rendered":"<p>Upplev den ultimata lindringen och \u00e5terh\u00e4mtningen med Arctic Blast CBD Gel fr\u00e5n Qanoid. Denna revolutionerande kr\u00e4m tar muskelv\u00e5rd till en helt ny niv\u00e5 med sin unika kombination av kylande och v\u00e4rmande effekter. Oavsett om du precis har avslutat ett intensiv tr\u00e4ningspass eller har utf\u00f6rt anstr\u00e4ngande fysisk aktivitet, kommer Arctic Blast att vara din b\u00e4sta v\u00e4n n\u00e4r det g\u00e4ller \u00e5terh\u00e4mtning.<\/p>\n<p>Med hj\u00e4lp av kraften hos CBD, en av naturens mest potentaste v\u00e4xtextrakt, penetrerar Arctic Blast djupt in i dina muskler och l\u00f6ser upp sp\u00e4nningar och stelhet.<\/p>\n<p>Arctic Blast CBD Gel har en unik formula som ger en kylande och v\u00e4rmande k\u00e4nsla p\u00e5 din hud. Den kylande effekten lugnar omedelbart \u00f6veranstr\u00e4ngda muskler och minskar obehag. Samtidigt ger den v\u00e4rmande effekten en behaglig och avslappnande k\u00e4nsla som hj\u00e4lper till att mjuka upp musklerna och \u00f6ka blodcirkulationen. Resultatet \u00e4r en omedelbar l\u00e4ttnad och en uppfriskande k\u00e4nsla av f\u00f6rnyad energi.<\/p>\n<p>Arctic Blast CBD Gel \u00e4r utformat f\u00f6r att vara din perfekta post-workout partner. Du kan enkelt applicera den p\u00e5 \u00f6nskade omr\u00e5den och njuta av den snabba verkan. Ge dina muskler den omsorg de f\u00f6rtj\u00e4nar och l\u00e5t Arctic Blast hj\u00e4lpa dig att \u00e5terh\u00e4mta dig snabbare och uppn\u00e5 dina tr\u00e4ningsm\u00e5l.<\/p>\n<p>Varf\u00f6r n\u00f6ja dig med vanliga muskelv\u00e5rdsprodukter n\u00e4r du kan ta steget in i framtiden med Arctic Blast CBD Gel fr\u00e5n Qanoid?<\/p>\n<p>Ge din kropp det den beh\u00f6ver f\u00f6r att \u00e5terh\u00e4mta sig och upplev den revolutionerande kraften i denna unika gel. G\u00f6r dig redo att ta din tr\u00e4ning och \u00e5terh\u00e4mtning till en ny niv\u00e5 med Arctic Blast. Best\u00e4ll din gel idag och k\u00e4nn skillnaden sj\u00e4lv!<\/p>\n","protected":false},"excerpt":{"rendered":"<p>Upplev den ultimata lindringen och \u00e5terh\u00e4mtningen med Arctic Blast CBD Gel fr\u00e5n Qanoid. Denna revolutionerande kr\u00e4m tar muskelv\u00e5rd till en helt ny niv\u00e5 med sin unika kombination av kylande och v\u00e4rmande effekter. Oavsett om du precis har avslutat ett intensiv tr\u00e4ningspass eller har utf\u00f6rt anstr\u00e4ngande fysisk aktivitet, kommer Arctic Blast att vara din b\u00e4sta v\u00e4n [&#8230;]\n","protected":false},"featured_media":11161,"comment_status":"closed","ping_status":"closed","template":"","meta":[],"product_brand":[],"product_cat":[89],"product_tag":[],"class_list":{"0":"post-11329","1":"product","2":"type-product","3":"status-publish","4":"has-post-thumbnail","6":"product_cat-cbd-hudvard-sv","8":"first","9":"outofstock","10":"sale","11":"taxable","12":"shipping-taxable","13":"purchasable","14":"product-type-simple"},"bundled_by":[],"bundle_stock_status":"outofstock","bundle_stock_quantity":114,"bundle_virtual":false,"bundle_layout":"","bundle_add_to_cart_form_location":"","bundle_editable_in_cart":false,"bundle_sold_individually_context":"","bundle_item_grouping":"","bundle_min_size":"","bundle_max_size":"","bundle_price":[],"bundled_items":[],"bundle_sell_ids":[],"_links":{"self":[{"href":"https:\/\/qanoid.com\/sv\/wp-json\/wp\/v2\/product\/11329","targetHints":{"allow":["GET"]}}],"collection":[{"href":"https:\/\/qanoid.com\/sv\/wp-json\/wp\/v2\/product"}],"about":[{"href":"https:\/\/qanoid.com\/sv\/wp-json\/wp\/v2\/types\/product"}],"replies":[{"embeddable":true,"href":"https:\/\/qanoid.com\/sv\/wp-json\/wp\/v2\/comments?post=11329"}],"wp:featuredmedia":[{"embeddable":true,"href":"https:\/\/qanoid.com\/sv\/wp-json\/wp\/v2\/media\/11161"}],"wp:attachment":[{"href":"https:\/\/qanoid.com\/sv\/wp-json\/wp\/v2\/media?parent=11329"}],"wp:term":[{"taxonomy":"product_brand","embeddable":true,"href":"https:\/\/qanoid.com\/sv\/wp-json\/wp\/v2\/product_brand?post=11329"},{"taxonomy":"product_cat","embeddable":true,"href":"https:\/\/qanoid.com\/sv\/wp-json\/wp\/v2\/product_cat?post=11329"},{"taxonomy":"product_tag","embeddable":true,"href":"https:\/\/qanoid.com\/sv\/wp-json\/wp\/v2\/product_tag?post=11329"}],"curies":[{"name":"wp","href":"https:\/\/api.w.org\/{rel}","templated":true}]}}