{"id":11236,"date":"2023-05-13T10:49:46","date_gmt":"2023-05-13T08:51:11","guid":{"rendered":"https:\/\/qanoid.com\/?post_type=product&#038;p=11236"},"modified":"2025-07-01T00:02:28","modified_gmt":"2025-06-30T22:02:28","slug":"energy-focus-gummies","status":"publish","type":"product","link":"https:\/\/qanoid.com\/sv\/produkt\/energy-focus-gummies\/","title":{"rendered":"CBD &amp; CBG | Energy &amp; Focus Gummies"},"content":{"rendered":"<p>Qanoid ENERGY &amp; FOCUS GUMMIES \u00e4r ett bekv\u00e4mt s\u00e4tt att f\u00f6rb\u00e4ttra din dagliga rutin med f\u00f6rdelarna av ett brett spektrum, vattenl\u00f6sligt extrakt rikt p\u00e5 CBG, CBD, vitamin B12, Amerikansk ginseng och lion&#8217;s mane-extrakt f\u00f6r att \u00f6ka dina energiniv\u00e5er och sk\u00e4rpa ditt fokus.<\/p>\n<p>Beh\u00f6ver du en energi- och fokush\u00f6jning f\u00f6r att ta dig igenom dagen? Nu beh\u00f6ver du inte leta l\u00e4ngre, Qanoids\u00ae ENERGY &amp; FOCUS GUMMIES \u00e4r h\u00e4r! Spr\u00e4ngfyllda med ett brett spektrum, vattenl\u00f6sligt extrakt utvunnet fr\u00e5n industrihampa, inneh\u00e5ller dessa gummies en kraftfull blandning av CBG, CBD och andra f\u00f6rdelaktiga fytokannabinoider f\u00f6r att st\u00f6dja ditt allm\u00e4nna v\u00e4lbefinnande. Dessutom har vitamin B12, Amerikansk ginseng och lion&#8217;s mane-extrakt lagts till f\u00f6r att ge en extra kick. Den h\u00e4rliga smaken av vilda b\u00e4r \u00e4r n\u00e5got ut\u00f6ver det vanliga!<\/p>\n","protected":false},"excerpt":{"rendered":"<p>Qanoid ENERGY &amp; FOCUS GUMMIES \u00e4r ett bekv\u00e4mt s\u00e4tt att f\u00f6rb\u00e4ttra din dagliga rutin med f\u00f6rdelarna av ett brett spektrum, vattenl\u00f6sligt extrakt rikt p\u00e5 CBG, CBD, vitamin B12, Amerikansk ginseng och lion&#8217;s mane-extrakt f\u00f6r att \u00f6ka dina energiniv\u00e5er och sk\u00e4rpa ditt fokus. Beh\u00f6ver du en energi- och fokush\u00f6jning f\u00f6r att ta dig igenom dagen? Nu [&#8230;]\n","protected":false},"featured_media":10989,"comment_status":"closed","ping_status":"closed","template":"","meta":[],"product_brand":[],"product_cat":[162],"product_tag":[],"class_list":{"0":"post-11236","1":"product","2":"type-product","3":"status-publish","4":"has-post-thumbnail","6":"product_cat-cbd-gummies-sv","8":"first","9":"outofstock","10":"sale","11":"taxable","12":"shipping-taxable","13":"purchasable","14":"product-type-simple"},"bundled_by":[],"bundle_stock_status":"outofstock","bundle_stock_quantity":19,"bundle_virtual":false,"bundle_layout":"","bundle_add_to_cart_form_location":"","bundle_editable_in_cart":false,"bundle_sold_individually_context":"","bundle_item_grouping":"","bundle_min_size":"","bundle_max_size":"","bundle_price":[],"bundled_items":[],"bundle_sell_ids":[],"_links":{"self":[{"href":"https:\/\/qanoid.com\/sv\/wp-json\/wp\/v2\/product\/11236","targetHints":{"allow":["GET"]}}],"collection":[{"href":"https:\/\/qanoid.com\/sv\/wp-json\/wp\/v2\/product"}],"about":[{"href":"https:\/\/qanoid.com\/sv\/wp-json\/wp\/v2\/types\/product"}],"replies":[{"embeddable":true,"href":"https:\/\/qanoid.com\/sv\/wp-json\/wp\/v2\/comments?post=11236"}],"wp:featuredmedia":[{"embeddable":true,"href":"https:\/\/qanoid.com\/sv\/wp-json\/wp\/v2\/media\/10989"}],"wp:attachment":[{"href":"https:\/\/qanoid.com\/sv\/wp-json\/wp\/v2\/media?parent=11236"}],"wp:term":[{"taxonomy":"product_brand","embeddable":true,"href":"https:\/\/qanoid.com\/sv\/wp-json\/wp\/v2\/product_brand?post=11236"},{"taxonomy":"product_cat","embeddable":true,"href":"https:\/\/qanoid.com\/sv\/wp-json\/wp\/v2\/product_cat?post=11236"},{"taxonomy":"product_tag","embeddable":true,"href":"https:\/\/qanoid.com\/sv\/wp-json\/wp\/v2\/product_tag?post=11236"}],"curies":[{"name":"wp","href":"https:\/\/api.w.org\/{rel}","templated":true}]}}