{"id":7865,"date":"2021-07-22T15:00:47","date_gmt":"2021-07-22T13:00:47","guid":{"rendered":"https:\/\/qanoid.synasmera.hemsida.eu\/faq-vanliga-fragor\/"},"modified":"2024-10-03T09:11:39","modified_gmt":"2024-10-03T07:11:39","slug":"faq-vanliga-fragor-cbd-lagligt","status":"publish","type":"page","link":"https:\/\/qanoid.com\/sv\/faq-vanliga-fragor-cbd-lagligt\/","title":{"rendered":"FAQ &#8211; Vanliga fr\u00e5gor"},"content":{"rendered":"\n\n\t<section class=\"section\" id=\"section_1194017073\">\n\t\t<div class=\"section-bg fill\" >\n\t\t\t\t\t\t\t\t\t\n\t\t\t\n\n\t\t<\/div>\n\n\t\t\n\n\t\t<div class=\"section-content relative\">\n\t\t\t\n\n\t<div id=\"gap-705341425\" class=\"gap-element clearfix\" style=\"display:block; height:auto;\">\n\t\t\n<style>\n#gap-705341425 {\n  padding-top: 35px;\n}\n<\/style>\n\t<\/div>\n\t\n\n<div class=\"row\"  id=\"row-840340016\">\n\n\n\t<div id=\"col-669628707\" class=\"col medium-7 small-12 large-6\"  >\n\t\t\t\t<div class=\"col-inner\"  >\n\t\t\t\n\t\t\t\n\n<\/p>\n<h1>FAQ &#8211; Vanliga fr\u00e5gor<\/h1>\n<p>Har din fr\u00e5ga redan besvarats? Spana in fr\u00e5gorna nedan!<\/p>\n<p>\n\n\t\t<\/div>\n\t\t\t\t\n<style>\n#col-669628707 > .col-inner {\n  margin: 0px 0px -20px 0px;\n}\n<\/style>\n\t<\/div>\n\n\t\n\n\t<div id=\"col-494180250\" class=\"col hide-for-small medium-5 small-12 large-6\"  >\n\t\t\t\t<div class=\"col-inner\"  >\n\t\t\t\n\t\t\t\n\n\t<div class=\"img has-hover x md-x lg-x y md-y lg-y\" id=\"image_1840114196\">\n\t\t\t\t\t\t\t\t<div class=\"img-inner dark\" >\n\t\t\t<img decoding=\"async\" width=\"150\" height=\"150\" src=\"https:\/\/qanoid.com\/wp-content\/uploads\/2021\/07\/quanoid-icon-150x150px-help-small.svg\" class=\"attachment-large size-large\" alt=\"\" \/>\t\t\t\t\t\t\n\t\t\t\t\t<\/div>\n\t\t\t\t\t\t\t\t\n<style>\n#image_1840114196 {\n  width: 25%;\n}\n@media (min-width:850px) {\n  #image_1840114196 {\n    width: 15%;\n  }\n}\n<\/style>\n\t<\/div>\n\t\n\n\n\t\t<\/div>\n\t\t\t\t\t<\/div>\n\n\t\n\n<\/div>\n<div class=\"row\"  id=\"row-1033478937\">\n\n\n\t<div id=\"col-1582193977\" class=\"col hide-for-small medium-3 small-12 large-3\"  >\n\t\t\t\t<div class=\"col-inner\"  >\n\t\t\t\n\t\t\t\n\n\t<div id=\"gap-493719801\" class=\"gap-element clearfix\" style=\"display:block; height:auto;\">\n\t\t\n<style>\n#gap-493719801 {\n  padding-top: 210px;\n}\n<\/style>\n\t<\/div>\n\t\n\n\t<div class=\"img has-hover hide-for-small x md-x lg-x y md-y lg-y\" id=\"image_836593040\">\n\t\t\t\t\t\t\t\t<div class=\"img-inner dark\" >\n\t\t\t<img decoding=\"async\" width=\"600\" height=\"888\" src=\"https:\/\/qanoid.com\/wp-content\/uploads\/2021\/07\/continue-diet-order-pizza-portrait-questioned-thinking-attractive-woman.png\" class=\"attachment-large size-large\" alt=\"\" srcset=\"https:\/\/qanoid.com\/wp-content\/uploads\/2021\/07\/continue-diet-order-pizza-portrait-questioned-thinking-attractive-woman.png 600w, https:\/\/qanoid.com\/wp-content\/uploads\/2021\/07\/continue-diet-order-pizza-portrait-questioned-thinking-attractive-woman-510x755.png 510w, https:\/\/qanoid.com\/wp-content\/uploads\/2021\/07\/continue-diet-order-pizza-portrait-questioned-thinking-attractive-woman-432x640.png 432w\" sizes=\"(max-width: 600px) 100vw, 600px\" \/>\t\t\t\t\t\t\n\t\t\t\t\t<\/div>\n\t\t\t\t\t\t\t\t\n<style>\n#image_836593040 {\n  width: 100%;\n}\n<\/style>\n\t<\/div>\n\t\n\n\n\t\t<\/div>\n\t\t\t\t\t<\/div>\n\n\t\n\n\t<div id=\"col-899931557\" class=\"col medium-8 small-12 large-9\"  >\n\t\t\t\t<div class=\"col-inner\"  >\n\t\t\t\n\t\t\t\n\n<div class=\"accordion\">\n\n\t<div id=\"accordion-2878944161\" class=\"accordion-item\">\n\t\t<a id=\"accordion-2878944161-label\" class=\"accordion-title plain\" href=\"#accordion-item-hur-anv\u00e4nder-man-qanoid&#039;s-cbd-olja?\" aria-expanded=\"false\" aria-controls=\"accordion-2878944161-content\" >\n\t\t\t<button class=\"toggle\" aria-label=\"Toggle\"><i class=\"icon-angle-down\"><\/i><\/button>\n\t\t\t<span>Hur anv\u00e4nder man Qanoid's CBD olja?<\/span>\n\t\t<\/a>\n\t\t<div id=\"accordion-2878944161-content\" class=\"accordion-inner\" aria-labelledby=\"accordion-2878944161-label\" >\n\t\t\t\n\n<p>\ud83d\udc69\u200d\u2696\ufe0f CBD befinner sig, som du kanske redan k\u00e4nner till, i en legal gr\u00e5zon, framf\u00f6rallt i Sverige men \u00e4ven i andra l\u00e4nder inom EU.<\/p>\n<p>\ud83d\udca7 Qanoid s\u00e4ljer endast CBD produkter som \u00e4r avsedda att appliceras p\u00e5 huden. Men med det sagt s\u00e5 inneh\u00e5ller alla v\u00e5ra CBD oljor endast ekologisk hampafr\u00f6olja och Premium CBD extrakt vilket g\u00f6r v\u00e5ra CBD-oljor helt naturliga och h\u00e5llbara.<\/p>\n<p>\ud83c\udf31 Alla komponenter \u00e4r noggrant analyserade i laboratorium f\u00f6r att s\u00e4kerst\u00e4lla att produkterna inte inneh\u00e5ller n\u00e5gra tungmetaller eller sp\u00e5r av bek\u00e4mpningsmedel vilket g\u00f6r v\u00e5ra oljor helt ofarliga f\u00f6r kroppen oavsett hur du som kund best\u00e4mmer dig f\u00f6r att anv\u00e4nda dom!<\/p>\n<p>\ud83d\udccf Spana g\u00e4rna in v\u00e5r doseringskalkylator f\u00f6r rekommenderade m\u00e4ngder p\u00e5 f\u00f6ljande l\u00e4nk: <a href=\"https:\/\/qanoid.com\/sv\/cbd-dosering\/\">[Doseringskalkylator]<\/a><\/p>\n<p>\u2754 Tveka inte p\u00e5 att kontakta v\u00e5r support om du har fler fr\u00e5gor eller funderingar g\u00e4llande detta!<\/p>\n\n\t\t<\/div>\n\t<\/div>\n\t\n\t<div id=\"accordion-1333181911\" class=\"accordion-item\">\n\t\t<a id=\"accordion-1333181911-label\" class=\"accordion-title plain\" href=\"#accordion-item-\u00c4r-qanoid&#039;s-produkter-thc-fria?\" aria-expanded=\"false\" aria-controls=\"accordion-1333181911-content\" >\n\t\t\t<button class=\"toggle\" aria-label=\"Toggle\"><i class=\"icon-angle-down\"><\/i><\/button>\n\t\t\t<span>\u00c4r Qanoid's produkter THC-fria?<\/span>\n\t\t<\/a>\n\t\t<div id=\"accordion-1333181911-content\" class=\"accordion-inner\" aria-labelledby=\"accordion-1333181911-label\" >\n\t\t\t\n\n<p>Ja! Samtliga av Qanoid&#8217;s produkter \u00e4r helt THC-fria och helt lagliga f\u00f6r anv\u00e4ndning i Sverige och \u00f6vriga Europa<\/p>\n\n\t\t<\/div>\n\t<\/div>\n\t\n\t<div id=\"accordion-3945508539\" class=\"accordion-item\">\n\t\t<a id=\"accordion-3945508539-label\" class=\"accordion-title plain\" href=\"#accordion-item-varifr\u00e5n-skickas-min-best\u00e4llning?\" aria-expanded=\"false\" aria-controls=\"accordion-3945508539-content\" >\n\t\t\t<button class=\"toggle\" aria-label=\"Toggle\"><i class=\"icon-angle-down\"><\/i><\/button>\n\t\t\t<span>Varifr\u00e5n skickas min best\u00e4llning?<\/span>\n\t\t<\/a>\n\t\t<div id=\"accordion-3945508539-content\" class=\"accordion-inner\" aria-labelledby=\"accordion-3945508539-label\" >\n\t\t\t\n\n<p>\ud83d\udce6 Var enda en av Qanoid&#8217;s f\u00f6rs\u00e4ndelser skickas inrikes fr\u00e5n v\u00e5rt lager utanf\u00f6r Malm\u00f6.<\/p>\n<p>\ud83d\udce6 Detta inneb\u00e4r att man aldrig beh\u00f6ver oroa sig f\u00f6r att det tar l\u00e5ng tid att produkterna att komma fram eller att dom ska fastna p\u00e5 v\u00e4gen<\/p>\n\n\t\t<\/div>\n\t<\/div>\n\t\n\t<div id=\"accordion-675640249\" class=\"accordion-item\">\n\t\t<a id=\"accordion-675640249-label\" class=\"accordion-title plain\" href=\"#accordion-item-vart-hittar-jag-analyser-och-certifikat?\" aria-expanded=\"false\" aria-controls=\"accordion-675640249-content\" >\n\t\t\t<button class=\"toggle\" aria-label=\"Toggle\"><i class=\"icon-angle-down\"><\/i><\/button>\n\t\t\t<span>Vart hittar jag analyser och certifikat?<\/span>\n\t\t<\/a>\n\t\t<div id=\"accordion-675640249-content\" class=\"accordion-inner\" aria-labelledby=\"accordion-675640249-label\" >\n\t\t\t\n\n<p>\ud83d\udd2c Du hittar samtliga labbrapporter f\u00f6r aktuell batch p\u00e5 <a href=\"https:\/\/qanoid.com\/sv\/nedladdningsbart-innehall\/\">denna l\u00e4nk<\/a>.<\/p>\n\n\t\t<\/div>\n\t<\/div>\n\t\n\t<div id=\"accordion-3847950149\" class=\"accordion-item\">\n\t\t<a id=\"accordion-3847950149-label\" class=\"accordion-title plain\" href=\"#accordion-item-varf\u00f6r-kan-jag-inte-betala-med-klarna?\" aria-expanded=\"false\" aria-controls=\"accordion-3847950149-content\" >\n\t\t\t<button class=\"toggle\" aria-label=\"Toggle\"><i class=\"icon-angle-down\"><\/i><\/button>\n\t\t\t<span>Varf\u00f6r kan jag inte betala med Klarna?<\/span>\n\t\t<\/a>\n\t\t<div id=\"accordion-3847950149-content\" class=\"accordion-inner\" aria-labelledby=\"accordion-3847950149-label\" >\n\t\t\t\n\n<p>Tyv\u00e4rr s\u00e5 till\u00e5ter inte Klarna f\u00f6rs\u00e4ljning av CBD-produkter p\u00e5 den svenska marknaden. Dock \u00e4r Klarna tillg\u00e4ngligt i andra EU-l\u00e4nder som till exempel Tyskland, Finland eller Nederl\u00e4nderna, vilket \u00e4r anledningen till att\u00a0deras logga synlig p\u00e5 v\u00e5r hemsida.<\/p>\n<p>Vi kontaktar Klarna med j\u00e4mna mellanrum f\u00f6r att se om deras villkor \u00e4ndras och hoppas att kunna erbjuda betalning med Klarna till v\u00e5ra svenska kunder i framtiden! <\/p>\n<p>\ud83d\udcb3 PayU, som \u00e4r tillg\u00e4ngligt f\u00f6r v\u00e5ra svenska kunder \u00e4r en trygg betalningsleverant\u00f6r och \u00e4r v\u00e4ldigt stora i resten av europa men framf\u00f6rallt i Polen\u00a0<\/p>\n<p> \u2705 PayU \u00e4r en v\u00e4ldigt s\u00e4ker och betalningsleverant\u00f6r som vi har samarbetat med i flera \u00e5r utan n\u00e5gra som helst anm\u00e4rkningar<\/span><\/p>\n<p>\ud83d\udd12 S\u00e5 vi kan med trygghet garantera att dina uppgifter \u00e4r helt och h\u00e5llet s\u00e4kra<\/p>\n\n\t\t<\/div>\n\t<\/div>\n\t\n\t<div id=\"accordion-491567156\" class=\"accordion-item\">\n\t\t<a id=\"accordion-491567156-label\" class=\"accordion-title plain\" href=\"#accordion-item-hur-l\u00e5ng-tid-tar-det-innan-mitt-paket-anl\u00e4nder?\" aria-expanded=\"false\" aria-controls=\"accordion-491567156-content\" >\n\t\t\t<button class=\"toggle\" aria-label=\"Toggle\"><i class=\"icon-angle-down\"><\/i><\/button>\n\t\t\t<span>Hur l\u00e5ng tid tar det innan mitt paket anl\u00e4nder?<\/span>\n\t\t<\/a>\n\t\t<div id=\"accordion-491567156-content\" class=\"accordion-inner\" aria-labelledby=\"accordion-491567156-label\" >\n\t\t\t\n\n<p>Det beror p\u00e5 var i Europa du best\u00e4ller fr\u00e5n, men i normala fall tar leveransen ungef\u00e4r 3-5 arbetsdagar. P\u00e5 de mest avl\u00e4gsna platserna b\u00f6r paketet inte ta l\u00e4ngre \u00e4n tv\u00e5 veckor att anl\u00e4nda. \u2709<\/p>\n<p>Best\u00e4ller du fr\u00e5n en svensk adress skickas din f\u00f6rs\u00e4ndelse inrikes med Postnord och tar 1-3 arbetsdagar att komma fram till din d\u00f6rr. \ud83d\udce6<\/p>\n\n\t\t<\/div>\n\t<\/div>\n\t\n\t<div id=\"accordion-2104171358\" class=\"accordion-item\">\n\t\t<a id=\"accordion-2104171358-label\" class=\"accordion-title plain\" href=\"#accordion-item-\u00c4r-cbd-lagligt-i-europa?\" aria-expanded=\"false\" aria-controls=\"accordion-2104171358-content\" >\n\t\t\t<button class=\"toggle\" aria-label=\"Toggle\"><i class=\"icon-angle-down\"><\/i><\/button>\n\t\t\t<span>\u00c4r CBD lagligt i Europa?<\/span>\n\t\t<\/a>\n\t\t<div id=\"accordion-2104171358-content\" class=\"accordion-inner\" aria-labelledby=\"accordion-2104171358-label\" >\n\t\t\t\n\n<\/p>\n<p>S\u00e5 \u00e4r CBD lagligt i Europa eller inte? Det \u00e4r tyv\u00e4rr inte den l\u00e4ttaste fr\u00e5gan att besvara eftersom reglerna kring CBD fortfarande \u00e4r i sin linda och varierar mycket beroende p\u00e5 vilket land du f\u00f6r n\u00e4rvarande befinner dig i.<\/p>\n<p>Vilken m\u00e4ngd THC som \u00e4r laglig eller inte \u00e4ndras regelbundet i olika l\u00e4nder vid olika tidpunkter, vilket g\u00f6r det sv\u00e5rt att h\u00e5lla koll p\u00e5 vad som h\u00e4nder var och vid vilken tidpunkt.<\/p>\n<h4>Exempel 1: \u00c4r CBD lagligt i Sverige?<\/h4>\n<p>I Sverige \u00e4r CBD lagligt under f\u00f6ruts\u00e4ttning att produkten inneh\u00e5ller 0,0% THC. Men om man kan sin kemi vet man att det \u00e4r om\u00f6jligt f\u00f6r n\u00e5gonting att ha 0% av n\u00e5gonting vilket tekniskt sett g\u00f6r alla CBD-produkter olagliga i Sverige. Det finns dock produkter som inneh\u00e5ller extremt l\u00e5ga m\u00e4ngder THC vilket g\u00f6r det om\u00f6jligt f\u00f6r laboratorietester att best\u00e4mma m\u00e4ngden p\u00e5 grund av att den \u00e4r s\u00e5 liten. Det g\u00f6r de CBD-produkterna \u201dinte olagliga\u201d eftersom m\u00e4ngden inte kan fastst\u00e4llas.<\/p>\n<h4>Exempel 2: \u00c4r CBD lagligt i Nederl\u00e4nderna?<\/h4>\n<p>I Nederl\u00e4nderna, \u00e5 andra sidan, \u00e4r CBD lagligt under f\u00f6ruts\u00e4ttning att det inneh\u00e5ller under 0,05% THC.<\/p>\n<h4>Example 3: \u00c4r CBD lagligt i Storbritannien?<\/h4>\n<p>CBD \u00e4r lagligt i Storbritannien under f\u00f6ruts\u00e4ttning att det inneh\u00e5ller under 0,2% THC.<\/p>\n<p>Det \u00e4r viktigt att t\u00e4nka p\u00e5 att du ALLTID b\u00f6r kontrollera om CBD \u00e4r lagligt d\u00e4r du bor innan du best\u00e4ller n\u00e5gra produkter fr\u00e5n v\u00e5r CBD-shop.<\/p>\n<p>Vi \u00e4r alltid 100% transparenta n\u00e4r det g\u00e4ller inneh\u00e5llet i v\u00e5ra produkter och du kan alltid hitta labbcertifikat f\u00f6r varje produkt p\u00e5 respektive produktsida.\u00a0<\/p>\n<p>\n\n\t\t<\/div>\n\t<\/div>\n\t\n\t<div id=\"accordion-1405348250\" class=\"accordion-item\">\n\t\t<a id=\"accordion-1405348250-label\" class=\"accordion-title plain\" href=\"#accordion-item-fel-produkt-har-levererats\" aria-expanded=\"false\" aria-controls=\"accordion-1405348250-content\" >\n\t\t\t<button class=\"toggle\" aria-label=\"Toggle\"><i class=\"icon-angle-down\"><\/i><\/button>\n\t\t\t<span>Fel produkt har levererats<\/span>\n\t\t<\/a>\n\t\t<div id=\"accordion-1405348250-content\" class=\"accordion-inner\" aria-labelledby=\"accordion-1405348250-label\" >\n\t\t\t\n\n<\/p>\n<p>\u00c4ven om s\u00e4llsynt kan misstag s\u00e5klart alltid intr\u00e4ffa. Om du f\u00e5tt fel produkt levererad, v\u00e4nligen kontakta oss p\u00e5 support@qanoid.com s\u00e5 ser vi till att l\u00f6sa problemet p\u00e5 smidigast m\u00f6jliga s\u00e4tt!<\/p>\n<p>Ange ordernumret och bifoga en bild av de produkter som levererats f\u00f6r snabbare hantering.<\/p>\n<p>Tyv\u00e4rr kan vi inte byta ut produkten om f\u00f6rpackningen \u00e4r bruten.<\/p>\n<p>\n\n\t\t<\/div>\n\t<\/div>\n\t\n\t<div id=\"accordion-1517059278\" class=\"accordion-item\">\n\t\t<a id=\"accordion-1517059278-label\" class=\"accordion-title plain\" href=\"#accordion-item-jag-vill-\u00e4ndra-min-leveransadress\" aria-expanded=\"false\" aria-controls=\"accordion-1517059278-content\" >\n\t\t\t<button class=\"toggle\" aria-label=\"Toggle\"><i class=\"icon-angle-down\"><\/i><\/button>\n\t\t\t<span>Jag vill \u00e4ndra min leveransadress<\/span>\n\t\t<\/a>\n\t\t<div id=\"accordion-1517059278-content\" class=\"accordion-inner\" aria-labelledby=\"accordion-1517059278-label\" >\n\t\t\t\n\n<\/p>\n<p>Leveransadressen kan bara \u00e4ndras om best\u00e4llningen \u00e4nnu inte har l\u00e4mnat v\u00e5rt lager.<\/p>\n<p>Om du inte kan h\u00e4mta ordern till den angivna adressen s\u00e5 m\u00e5ste man v\u00e4nta tills leveransen returneras till oss. N\u00e4r paketet har \u00e5terv\u00e4nt kan vi skicka det igen till r\u00e4tt adress.<\/p>\n<p>\n\n\t\t<\/div>\n\t<\/div>\n\t\n\t<div id=\"accordion-3890168056\" class=\"accordion-item\">\n\t\t<a id=\"accordion-3890168056-label\" class=\"accordion-title plain\" href=\"#accordion-item-jag-vill-bli-en-qanoid-affiliate\" aria-expanded=\"false\" aria-controls=\"accordion-3890168056-content\" >\n\t\t\t<button class=\"toggle\" aria-label=\"Toggle\"><i class=\"icon-angle-down\"><\/i><\/button>\n\t\t\t<span>Jag vill bli en Qanoid-affiliate<\/span>\n\t\t<\/a>\n\t\t<div id=\"accordion-3890168056-content\" class=\"accordion-inner\" aria-labelledby=\"accordion-3890168056-label\" >\n\t\t\t\n\n<\/p>\n<p>Fantastisk! Vi letar alltid efter nya och intressanta partnerskap d\u00e4r vi kan skapa v\u00e4rde f\u00f6r influencers och content-creators som i geng\u00e4ld hj\u00e4lper oss att sprida kunskap om CBD och Qanoid.<\/p>\n<p>Tveka inte att <a href=\"https:\/\/qanoid.comsv\/kontakt\/\">kontakta oss<\/a> f\u00f6r att boka in ett m\u00f6te d\u00e4r vi kan diskutera mer om samarbetet.<\/p>\n<p>\n\n\t\t<\/div>\n\t<\/div>\n\t\n\t<div id=\"accordion-2533684727\" class=\"accordion-item\">\n\t\t<a id=\"accordion-2533684727-label\" class=\"accordion-title plain\" href=\"#accordion-item-jag-vill-bli-\u00e5terf\u00f6rs\u00e4ljare\" aria-expanded=\"false\" aria-controls=\"accordion-2533684727-content\" >\n\t\t\t<button class=\"toggle\" aria-label=\"Toggle\"><i class=\"icon-angle-down\"><\/i><\/button>\n\t\t\t<span>Jag vill bli \u00e5terf\u00f6rs\u00e4ljare<\/span>\n\t\t<\/a>\n\t\t<div id=\"accordion-2533684727-content\" class=\"accordion-inner\" aria-labelledby=\"accordion-2533684727-label\" >\n\t\t\t\n\n<\/p>\n<p>Fantastisk! Vi letar alltid efter nya och sp\u00e4nnande partnerskap, tveka inte att kontakta oss via formul\u00e4ret p\u00e5 v\u00e5r <a href=\"https:\/\/qanoid.comsv\/kontakt\/\">kontaktsida<\/a>. Du kan ocks\u00e5 kontakta oss genom att skicka ett e-postmeddelande till <a href=\"mailto:wholesale@qanoid.com\">wholesale@qanoid.com<\/a>.<\/p>\n<p>\n\n\t\t<\/div>\n\t<\/div>\n\t\n\n<\/div>\n\t<div id=\"gap-9769270\" class=\"gap-element clearfix\" style=\"display:block; height:auto;\">\n\t\t\n<style>\n#gap-9769270 {\n  padding-top: 70px;\n}\n@media (min-width:550px) {\n  #gap-9769270 {\n    padding-top: 30px;\n  }\n}\n<\/style>\n\t<\/div>\n\t\n\n\n\t\t<\/div>\n\t\t\t\t\t<\/div>\n\n\t\n\n<\/div>\n\n\t\t<\/div>\n\n\t\t\n<style>\n#section_1194017073 {\n  padding-top: 0px;\n  padding-bottom: 0px;\n  margin-bottom: 0px;\n  background-color: #d4eaef;\n}\n<\/style>\n\t<\/section>\n\t\n\n","protected":false},"excerpt":{"rendered":"","protected":false},"author":2,"featured_media":0,"parent":0,"menu_order":0,"comment_status":"closed","ping_status":"closed","template":"page-blank.php","meta":{"footnotes":""},"class_list":["post-7865","page","type-page","status-publish","hentry"],"_links":{"self":[{"href":"https:\/\/qanoid.com\/sv\/wp-json\/wp\/v2\/pages\/7865","targetHints":{"allow":["GET"]}}],"collection":[{"href":"https:\/\/qanoid.com\/sv\/wp-json\/wp\/v2\/pages"}],"about":[{"href":"https:\/\/qanoid.com\/sv\/wp-json\/wp\/v2\/types\/page"}],"author":[{"embeddable":true,"href":"https:\/\/qanoid.com\/sv\/wp-json\/wp\/v2\/users\/2"}],"replies":[{"embeddable":true,"href":"https:\/\/qanoid.com\/sv\/wp-json\/wp\/v2\/comments?post=7865"}],"version-history":[{"count":14,"href":"https:\/\/qanoid.com\/sv\/wp-json\/wp\/v2\/pages\/7865\/revisions"}],"predecessor-version":[{"id":12419,"href":"https:\/\/qanoid.com\/sv\/wp-json\/wp\/v2\/pages\/7865\/revisions\/12419"}],"wp:attachment":[{"href":"https:\/\/qanoid.com\/sv\/wp-json\/wp\/v2\/media?parent=7865"}],"curies":[{"name":"wp","href":"https:\/\/api.w.org\/{rel}","templated":true}]}}