{"id":3749,"date":"2020-11-13T13:26:48","date_gmt":"2020-11-13T12:26:48","guid":{"rendered":"https:\/\/www.qanoid.com\/varukorg-2\/"},"modified":"2022-11-02T14:40:00","modified_gmt":"2022-11-02T13:40:00","slug":"varukorg-2","status":"publish","type":"page","link":"https:\/\/qanoid.com\/sv\/varukorg-2\/","title":{"rendered":"Varukorg"},"content":{"rendered":"\r\n<div class=\"woocommerce\"><div class=\"text-center pt pb\">\n\t<div class=\"woocommerce-notices-wrapper\"><\/div><div class=\"wc-empty-cart-message\">\n\t<div class=\"woocommerce-info message-wrapper\">\n\t\t<div class=\"message-container container medium-text-center\">\n\t\t\tDin varukorg \u00e4r f\u00f6r n\u00e4rvarande tom.\t\t<\/div>\n\t<\/div>\n\t<\/div>\t\t<p class=\"return-to-shop\">\n\t\t\t<a class=\"button primary wc-backward\" href=\"https:\/\/qanoid.com\/sv\/premium-cbd-butik\/\">\n\t\t\t\tG\u00e5 tillbaka till butiken\t\t\t<\/a>\n\t\t<\/p>\n\t<\/div>\n<\/div>\r\n","protected":false},"excerpt":{"rendered":"","protected":false},"author":2,"featured_media":7814,"parent":0,"menu_order":0,"comment_status":"closed","ping_status":"closed","template":"","meta":{"footnotes":""},"class_list":["post-3749","page","type-page","status-publish","has-post-thumbnail","hentry"],"_links":{"self":[{"href":"https:\/\/qanoid.com\/sv\/wp-json\/wp\/v2\/pages\/3749","targetHints":{"allow":["GET"]}}],"collection":[{"href":"https:\/\/qanoid.com\/sv\/wp-json\/wp\/v2\/pages"}],"about":[{"href":"https:\/\/qanoid.com\/sv\/wp-json\/wp\/v2\/types\/page"}],"author":[{"embeddable":true,"href":"https:\/\/qanoid.com\/sv\/wp-json\/wp\/v2\/users\/2"}],"replies":[{"embeddable":true,"href":"https:\/\/qanoid.com\/sv\/wp-json\/wp\/v2\/comments?post=3749"}],"version-history":[{"count":2,"href":"https:\/\/qanoid.com\/sv\/wp-json\/wp\/v2\/pages\/3749\/revisions"}],"predecessor-version":[{"id":10643,"href":"https:\/\/qanoid.com\/sv\/wp-json\/wp\/v2\/pages\/3749\/revisions\/10643"}],"wp:featuredmedia":[{"embeddable":true,"href":"https:\/\/qanoid.com\/sv\/wp-json\/wp\/v2\/media\/7814"}],"wp:attachment":[{"href":"https:\/\/qanoid.com\/sv\/wp-json\/wp\/v2\/media?parent=3749"}],"curies":[{"name":"wp","href":"https:\/\/api.w.org\/{rel}","templated":true}]}}