{"id":3354,"date":"2020-10-20T21:23:05","date_gmt":"2020-10-20T19:23:05","guid":{"rendered":"https:\/\/www.qanoid.com\/hem\/"},"modified":"2021-06-08T15:28:52","modified_gmt":"2021-06-08T13:28:52","slug":"hem","status":"publish","type":"page","link":"https:\/\/qanoid.com\/sv\/hem\/","title":{"rendered":"Hem"},"content":{"rendered":"<h1>\n\t\t\t\t\t\tThe Best CBD In Europe\t\t\t\t\t<\/h1>\n<p>Letar du efter en p\u00e5litlig CBD-butik med h\u00f6gkvalitativa produkter?<\/p>\n<p>\t\t\t\t\t<a href=\"https:\/\/qanoid.comsv\/butik-2\/\"><br \/>\n\t\t\t\t\t\tTill Butik\t\t\t\t\t<\/a><\/p>\n<h3>\n\t\t\t\t\tPremium Produkter<br \/>\n\t\t\t\t<\/h3>\n<h3>\n\t\t\t\t\tS\u00e4kra Betalningar<br \/>\n\t\t\t\t<\/h3>\n<h3>\n\t\t\t\t\tGratis Frakt<br \/>\n\t\t\t\t<\/h3>\n<h3>\n\t\t\t\t\t Analyseras av 3:e parts lab<br \/>\n\t\t\t\t<\/h3>\n<h2>V\u00e5ra Kunder \u00c4lskar oss!<\/h2>\n<p>\t\t\t\t\t\t\t\t\t\t<cite>Daniel Bergstr\u00f6m<i>&#xE934;<\/i><i>&#xE934;<\/i><i>&#xE934;<\/i><i>&#xE934;<\/i><i>&#xE934;<\/i><\/cite>\t\t\t\t\tRead More<br \/>\n\t\t\t\t\t\tJag \u00e4r s\u00e5 glad att jag k\u00f6pte Qanoids produkter!<br \/>\n\t\t\t\t\t\t\t\t\t\t<cite>Evelina<i>&#xE934;<\/i><i>&#xE934;<\/i><i>&#xE934;<\/i><i>&#xE934;<\/i><i>&#xE934;<\/i><\/cite>\t\t\t\t\tRead More<br \/>\n\t\t\t\t\t\tFick de produkter som jag best\u00e4llde snabbt och supporten var b\u00e4ttre \u00e4n vad jag \u00e4r van vid. De tog sig verkligen tid att hj\u00e4lpa mig att v\u00e4lja r\u00e4tt styrka p\u00e5 cbd-oljan \ud83d\ude42<br \/>\n\t\t\t\t\t\t\t\t\t\t<cite>Lotta<i>&#xE934;<\/i><i>&#xE934;<\/i><i>&#xE934;<\/i><i>&#xE934;<\/i><i>&#xE934;<\/i><\/cite>\t\t\t\t\tRead More<br \/>\n\t\t\t\t\t\tHj\u00e4lper med min ledv\u00e4rk. Bra service och snabb leverans!<br \/>\n\t\t\t\t\t\t\t\t\t\t<cite>Axel Boman<i>&#xE934;<\/i><i>&#xE934;<\/i><i>&#xE934;<\/i><i>&#xE934;<\/i><i>&#xE934;<\/i><\/cite>\t\t\t\t\tRead More<br \/>\n\t\t\t\t\t\tBra cbd, har hj\u00e4lpt mycket. Enkel och snabb leverans. Jag \u00e4r v\u00e4ldigt glad och n\u00f6jd.<br \/>\n\t\t\t\t\t\t\t\t\t\t<cite>Robert Johnson<i>&#xE934;<\/i><i>&#xE934;<\/i><i>&#xE934;<\/i><i>&#xE934;<\/i><i>&#xE934;<\/i><\/cite>\t\t\t\t\tRead More<br \/>\n\t\t\t\t\t\tMycket smidig best\u00e4llning och leverans, fick min CBD-olja snabbare \u00e4n jag f\u00f6rv\u00e4ntade mig och jag \u00e4r mycket n\u00f6jd med produkten. Sammantaget en trevlig upplevelse, 10\/10 kommer att best\u00e4lla igen!<br \/>\n\t\t\t\t\t\t\tPrevious<br \/>\n\t\t\t\t\t\t\tNext<\/p>\n<h2><a href=\"https:\/\/www.trustpilot.com\/review\/www.qanoid.com\">Kolla in fler recensioner fr\u00e5n v\u00e5ra kunder p\u00e5 Trustpilot!<\/a><\/h2>\n<p>Qanoid&#8217;s produkter \u00e4r tillverkade av noggrant utvalda ingredienser av h\u00f6gsta kvalitet<\/p>\n<p>\t\t\t\t\t\t\t\t\t\t\t\t<img decoding=\"async\" width=\"86\" height=\"86\" src=\"http:\/\/qanoid.com\/wp-content\/uploads\/2020\/06\/certified-hemp-seed.png\" alt=\"Qanoid _ CBD _ high quality CBD oil _ cannabinoid oil europe _ low price CBD _ CBD\" \/>\t\t\t\t\t\t\t\t\t\t\t\t\t\t<\/p>\n<h3>Certifierad Hampa<\/h3>\n<p>Vart enda fr\u00f6 som planteras \u00e4r certifierat<\/p>\n<p>\t\t\t\t\t\t\t\t\t\t\t\t<img decoding=\"async\" width=\"84\" height=\"100\" src=\"http:\/\/qanoid.com\/wp-content\/uploads\/2020\/06\/organic.png\" alt=\"Qanoid _ CBD _ high quality CBD oil _ cannabinoid oil europe _ low price CBD _ CBD\" \/>\t\t\t\t\t\t\t\t\t\t\t\t\t\t<\/p>\n<h3>H\u00e5llbart Jordbruk<\/h3>\n<p>Bevarande av det ekologiska systemet \u00e4r av st\u00f6rsta vikt, tillsammans med v\u00e5ra partners s\u00e4kerst\u00e4ller vi h\u00e5llbara jordbruksmetoder<\/p>\n<p>\t\t\t\t\t\t\t\t\t\t\t\t<img decoding=\"async\" width=\"91\" height=\"91\" src=\"http:\/\/qanoid.com\/wp-content\/uploads\/2020\/06\/GACP.png\" alt=\"Qanoid _ CBD _ high quality CBD oil _ cannabinoid oil europe _ low price CBD _ CBD\" \/>\t\t\t\t\t\t\t\t\t\t\t\t\t\t<\/p>\n<h3>GACP-certifiering<\/h3>\n<p>Gr\u00f6dorna som anv\u00e4nds i v\u00e5ra produkter \u00e4r certifierade med god jordbruks- och insamlingspraxis<\/p>\n<p>\t\t\t\t\t\t\t\t\t\t\t\t<img decoding=\"async\" width=\"56\" height=\"128\" src=\"http:\/\/qanoid.com\/wp-content\/uploads\/2020\/06\/Supercritical-CO2-extraction.png\" alt=\"Qanoid _ CBD _ high quality CBD oil _ cannabinoid oil europe _ low price CBD _ CBD\" \/>\t\t\t\t\t\t\t\t\t\t\t\t\t\t<\/p>\n<h3> Superkritisk CO\u2082-Extraktion<\/h3>\n<p>Alla CBD-extrakt tas fram med giftfri superkritisk extraktion.<br \/>\nCertifikat: ISO 22000, ISO 14001 och ISO 9001<\/p>\n<p>\t\t\t\t\t\t\t\t\t\t\t\t<img decoding=\"async\" width=\"77\" height=\"104\" src=\"http:\/\/qanoid.com\/wp-content\/uploads\/2020\/06\/GLP.png\" alt=\"Qanoid _ CBD _ high quality CBD oil _ cannabinoid oil europe _ low price CBD _ CBD\" \/>\t\t\t\t\t\t\t\t\t\t\t\t\t\t<\/p>\n<h3>GLP-certifiering<\/h3>\n<p id=\"tw-target-text\" dir=\"ltr\" data-placeholder=\"\u00d6vers\u00e4ttning\">Alla analyser av v\u00e5ra produkter utf\u00f6rs under god laboratoriepraxis. Certifikat: ISO 17025<\/p>\n<p>\t\t\t\t\t\t\t\t\t\t\t\t<img decoding=\"async\" width=\"77\" height=\"104\" src=\"http:\/\/qanoid.com\/wp-content\/uploads\/2020\/06\/3rd-party-lab-test.png\" alt=\"Qanoid _ CBD _ high quality CBD oil _ cannabinoid oil europe _ low price CBD _ CBD\" \/>\t\t\t\t\t\t\t\t\t\t\t\t\t\t<\/p>\n<h3>Tredjepartsanalys<\/h3>\n<p>F\u00f6r att s\u00e4kerst\u00e4lla fullst\u00e4ndig transparens och f\u00f6r att garantera en premium kvalitet analyseras alla produkter av oberoende laboratorier<\/p>\n<p>\t\t\t\t\t\t\t\t\t\t\t\t<img decoding=\"async\" width=\"104\" height=\"122\" src=\"http:\/\/qanoid.com\/wp-content\/uploads\/2020\/06\/GMP-certification-1.png\" alt=\"Qanoid _ CBD _ high quality CBD oil _ cannabinoid oil europe _ low price CBD _ CBD\" \/>\t\t\t\t\t\t\t\t\t\t\t\t\t\t<\/p>\n<h3>GMP-certifiering<\/h3>\n<p>Qanoid\u2019s produkter produceras och certifieras med god tillverkningspraxis<br \/>\nCertifikat: ISO 22716<\/p>\n<p>\t\t\t\t\t\t\t\t\t\t\t\t<img decoding=\"async\" width=\"87\" height=\"102\" src=\"http:\/\/qanoid.com\/wp-content\/uploads\/2020\/06\/Transparency.png\" alt=\"Qanoid _ CBD _ high quality CBD oil _ cannabinoid oil europe _ low price CBD _ CBD\" \/>\t\t\t\t\t\t\t\t\t\t\t\t\t\t<\/p>\n<h3>Produkt Informations Filer<\/h3>\n<p>F\u00f6r ytterligare information om v\u00e5ra produkter tillhandah\u00e5ller vi produktinformationsfil [PIF] till alla v\u00e5ra produkter<\/p>\n<p>\t\t\t\t\t\t\t\t\t\t\t\t<img decoding=\"async\" width=\"108\" height=\"113\" src=\"http:\/\/qanoid.com\/wp-content\/uploads\/2020\/06\/GDP.png\" alt=\"Qanoid _ CBD _ high quality CBD oil _ cannabinoid oil europe _ low price CBD _ CBD\" \/>\t\t\t\t\t\t\t\t\t\t\t\t\t\t<\/p>\n<h3>GDP-certifiering<\/h3>\n<p>Global distribution hanteras enligt god distributionspraxis<\/p>\n<h3>Innovation<\/h3>\n<p>Vi skannar st\u00e4ndigt marknaden efter nya och b\u00e4ttre produkter, Qanoid\u2019s m\u00e5l \u00e4r att vara den st\u00f6rsta leverant\u00f6ren av CBD- och hamparelaterade produkter i EU<\/p>\n<ul>\n<li>\n\t\t\t\t\t\t\t\t\t\tAlltid Gratis Frakt!\n\t\t\t\t\t\t\t\t\t<\/li>\n<li>\n\t\t\t\t\t\t\t\t\t\tDiskret och Snabb Leverans\n\t\t\t\t\t\t\t\t\t<\/li>\n<li>\n\t\t\t\t\t<a href=\"https:\/\/qanoid.comsv\/kontakt\/\"><br \/>\n\t\t\t\t\t\t\t\t\t\tBeh\u00f6ver Du Hj\u00e4lp?<br \/>\n\t\t\t\t\t\t\t\t\t\t\t<\/a>\n\t\t\t\t\t\t\t\t\t<\/li>\n<li>\n\t\t\t\t\t\t\t\t\t\tCBD av premium Kvalitet\n\t\t\t\t\t\t\t\t\t<\/li>\n<\/ul>\n<h2>Kolla in v\u00e5r Instagram!<\/h2>\n<h2>V\u00e4lkommen till Qanoid<\/h2>\n<p>Att utveckla, f\u00f6rnya och f\u00f6rb\u00e4ttra \u00e4r n\u00e5got som vi st\u00e4ndigt g\u00f6r, oavsett om det g\u00e4ller v\u00e5ra produkter eller v\u00e5r hemsida. Tillsammans med er s\u00e5 skapar vi inte bara en fantastisk CBD-shop med fenomenala produkter, utan \u00e4ven en gemenskap kring CBD.<\/p>\n<p>N\u00e5got som f\u00f6rgyller v\u00e5ra dagar \u00e4r n\u00e4r ni tar er tiden och skriver till oss p\u00e5 mail eller sociala medier och ber\u00e4ttar mer om era erfarenheter, eller n\u00e4r ni bara vill s\u00e4ga hej.<\/p>\n<p>Det som vi tar med oss fr\u00e5n varje diskussion \u00e4r dom fantastiska id\u00e9erna ni har om nya produkter eller de erfarenheterna ni har av CBD.<br \/>\nMed era ber\u00e4ttelser i bagaget tillsammans med v\u00e5r expertis s\u00e5 har vi r\u00e4tt verktyg f\u00f6r att forts\u00e4tta f\u00f6ra Qanoid fram\u00e5t.<\/p>\n<h2>Kvalitet och Innovation<\/h2>\n<p>F\u00f6r m\u00e5nga \u00e4r CBD n\u00e5got nytt som man kanske h\u00f6rt via en familjemedlem eller en kollega. F\u00f6r andra \u00e4r det n\u00e5got som man anv\u00e4nt l\u00e4nge i sin vardag.<\/p>\n<p>Alldeles oavsett s\u00e5 har Qanoid n\u00e5got f\u00f6r dig. V\u00e5ra produkter finns i olika styrkor f\u00f6r att m\u00f6ta just ditt behov och erfarenhet. Vi s\u00e4tter stort v\u00e4rde i att du som kund ska ha en bra upplevelse fr\u00e5n det att du kommer in p\u00e5 hemsidan tills dess att du har produkten i din hand.<\/p>\n<p>Alla Qanoid\u2019s produkter genomg\u00e5r labtester f\u00f6r att s\u00e4kerst\u00e4lla att varan som du best\u00e4llt \u00e4r av h\u00f6gsta kvalitet och vi har noga valt ut dom b\u00e4sta leveransalternativen f\u00f6r att du ska f\u00e5 hem produkten p\u00e5 \u00f6nskat s\u00e4tt.<\/p>\n<p>V\u00e4lkommen till Qanoid!<\/p>\n<p>Det \u00e4r med enorm stolthet som vi kan presentera v\u00e5ra CBD-produkter f\u00f6r de europeiska konsumenterna och \u00e5terf\u00f6rs\u00e4ljarna. Mycket h\u00e5rt arbete och efterforskning har lagts ned f\u00f6r att f\u00e5 Qanoid fr\u00e5n id\u00e9 till ett fungerande f\u00f6retag. P\u00e5 grund av v\u00e5r noggrant granskade tillverkningsprocess kan vi med sj\u00e4lvs\u00e4kerhet garantera att produkten som du h\u00e5ller i din hand \u00e4r av h\u00f6gsta kvalitet.<\/p>\n<p>\t\t\t\t\t<cite>Felix NordholmVD, Qanoid<\/cite><br \/>\n\t\t\t\t\t\t<img decoding=\"async\" src=\"http:\/\/qanoid.com\/wp-content\/uploads\/2020\/06\/IMG_20200608_201431.jpg\" alt=\"Felix Nordholm\"><\/p>\n","protected":false},"excerpt":{"rendered":"<p>The Best CBD In Europe Letar du efter en p\u00e5litlig CBD-butik med h\u00f6gkvalitativa produkter? Till Butik Premium Produkter S\u00e4kra Betalningar Gratis Frakt Analyseras av 3:e parts lab V\u00e5ra Kunder \u00c4lskar oss! Daniel Bergstr\u00f6m&#xE934;&#xE934;&#xE934;&#xE934;&#xE934; Read More Jag \u00e4r s\u00e5 glad att jag k\u00f6pte Qanoids produkter! Evelina&#xE934;&#xE934;&#xE934;&#xE934;&#xE934; Read More Fick de produkter som jag best\u00e4llde snabbt och [&#8230;]\n","protected":false},"author":1,"featured_media":0,"parent":0,"menu_order":0,"comment_status":"closed","ping_status":"closed","template":"elementor_header_footer","meta":{"footnotes":""},"class_list":["post-3354","page","type-page","status-publish","hentry"],"_links":{"self":[{"href":"https:\/\/qanoid.com\/sv\/wp-json\/wp\/v2\/pages\/3354","targetHints":{"allow":["GET"]}}],"collection":[{"href":"https:\/\/qanoid.com\/sv\/wp-json\/wp\/v2\/pages"}],"about":[{"href":"https:\/\/qanoid.com\/sv\/wp-json\/wp\/v2\/types\/page"}],"author":[{"embeddable":true,"href":"https:\/\/qanoid.com\/sv\/wp-json\/wp\/v2\/users\/1"}],"replies":[{"embeddable":true,"href":"https:\/\/qanoid.com\/sv\/wp-json\/wp\/v2\/comments?post=3354"}],"version-history":[{"count":12,"href":"https:\/\/qanoid.com\/sv\/wp-json\/wp\/v2\/pages\/3354\/revisions"}],"predecessor-version":[{"id":9125,"href":"https:\/\/qanoid.com\/sv\/wp-json\/wp\/v2\/pages\/3354\/revisions\/9125"}],"wp:attachment":[{"href":"https:\/\/qanoid.com\/sv\/wp-json\/wp\/v2\/media?parent=3354"}],"curies":[{"name":"wp","href":"https:\/\/api.w.org\/{rel}","templated":true}]}}