{"id":10518,"date":"2021-12-22T10:18:23","date_gmt":"2021-12-22T09:18:23","guid":{"rendered":"https:\/\/qanoid.com\/premium-cbd-tropfen-2000mg\/"},"modified":"2022-10-04T11:54:49","modified_gmt":"2022-10-04T09:54:49","slug":"premium-cbd-tropfen-2000mg","status":"publish","type":"product","link":"https:\/\/qanoid.com\/de\/produkt\/premium-cbd-tropfen-2000mg\/","title":{"rendered":"Premium-CBD-Tropfen 2000mg"},"content":{"rendered":"<p>Die Qanoid\u00ae PREMIUM-<strong>CBD-TROPFEN | 20%<\/strong> werden mit einem Extrakt aus CO2-extrahierter Hanfbiomasse hergestellt, der in Hanfsamen\u00f6l verd\u00fcnnt wird. Dieses Produkt enth\u00e4lt <strong>2000mg<\/strong>\u00a0CBD und eine breite Palette von anderen Cannabinoiden und bioaktiven Verbindungen, die einen \u201eEntourage-Effekt\u201c erzeugen.<\/p>\n<p>Die Qanoid\u00ae CBD-TROPFEN | 20% k\u00f6nnen in einer 10-ml-Braunglasflasche mit einer Pipette erworben werden<\/p>\n<p>Die f\u00fcr die Extraktion verwendete Hanf-Biomasse wird ohne den Einsatz von Herbiziden und Pestiziden angebaut und kultiviert. Die f\u00fcr die Extraktion verwendeten Pflanzen wurden sorgf\u00e4ltig ausgew\u00e4hlt, biologisch angebaut, mit gr\u00f6\u00dfter Sorgfalt, unter strenger Aufsicht, in der subalpinen Region von Slowenien und der pannonischen Ebene von Kroatien. Die Hanf-Biomasse wird in \u00dcbereinstimmung mit der GACP gehandhabt und die Produktion der Endprodukte ist GMP-zertifiziert.<\/p>\n<p>Enth\u00e4lt nur nat\u00fcrliche Inhaltsstoffe, es werden keine k\u00fcnstlichen Farb-, Aroma- oder Konservierungsstoffe hinzugef\u00fcgt. Die Produkte von Qanoid\u00ae werden internen und externen Qualit\u00e4tskontrollen auf Cannabinoid-Potenz, Schwermetalle, Pestizide und mikrobiologische Kontamination unterzogen.<\/p>\n","protected":false},"excerpt":{"rendered":"<p>Die Qanoid\u00ae PREMIUM-CBD-TROPFEN | 20% werden mit einem Extrakt aus CO2-extrahierter Hanfbiomasse hergestellt, der in Hanfsamen\u00f6l verd\u00fcnnt wird. Dieses Produkt enth\u00e4lt 2000mg\u00a0CBD und eine breite Palette von anderen Cannabinoiden und bioaktiven Verbindungen, die einen \u201eEntourage-Effekt\u201c erzeugen. Die Qanoid\u00ae CBD-TROPFEN | 20% k\u00f6nnen in einer 10-ml-Braunglasflasche mit einer Pipette erworben werden Die f\u00fcr die Extraktion verwendete [&#8230;]\n","protected":false},"featured_media":9660,"comment_status":"closed","ping_status":"closed","template":"","meta":[],"product_brand":[],"product_cat":[127],"product_tag":[],"class_list":{"0":"post-10518","1":"product","2":"type-product","3":"status-publish","4":"has-post-thumbnail","6":"product_cat-cbd-premium-drops","8":"first","9":"outofstock","10":"sale","11":"taxable","12":"shipping-taxable","13":"purchasable","14":"product-type-simple"},"bundled_by":[],"bundle_stock_status":"outofstock","bundle_stock_quantity":0,"bundle_virtual":false,"bundle_layout":"","bundle_add_to_cart_form_location":"","bundle_editable_in_cart":false,"bundle_sold_individually_context":"","bundle_item_grouping":"","bundle_min_size":"","bundle_max_size":"","bundle_price":[],"bundled_items":[],"bundle_sell_ids":[],"_links":{"self":[{"href":"https:\/\/qanoid.com\/de\/wp-json\/wp\/v2\/product\/10518","targetHints":{"allow":["GET"]}}],"collection":[{"href":"https:\/\/qanoid.com\/de\/wp-json\/wp\/v2\/product"}],"about":[{"href":"https:\/\/qanoid.com\/de\/wp-json\/wp\/v2\/types\/product"}],"replies":[{"embeddable":true,"href":"https:\/\/qanoid.com\/de\/wp-json\/wp\/v2\/comments?post=10518"}],"wp:featuredmedia":[{"embeddable":true,"href":"https:\/\/qanoid.com\/de\/wp-json\/wp\/v2\/media\/9660"}],"wp:attachment":[{"href":"https:\/\/qanoid.com\/de\/wp-json\/wp\/v2\/media?parent=10518"}],"wp:term":[{"taxonomy":"product_brand","embeddable":true,"href":"https:\/\/qanoid.com\/de\/wp-json\/wp\/v2\/product_brand?post=10518"},{"taxonomy":"product_cat","embeddable":true,"href":"https:\/\/qanoid.com\/de\/wp-json\/wp\/v2\/product_cat?post=10518"},{"taxonomy":"product_tag","embeddable":true,"href":"https:\/\/qanoid.com\/de\/wp-json\/wp\/v2\/product_tag?post=10518"}],"curies":[{"name":"wp","href":"https:\/\/api.w.org\/{rel}","templated":true}]}}