{"id":5704,"date":"2021-03-22T22:34:00","date_gmt":"2021-03-22T21:34:00","guid":{"rendered":"https:\/\/www.qanoid.com\/faq\/"},"modified":"2021-07-22T15:09:41","modified_gmt":"2021-07-22T13:09:41","slug":"faq","status":"publish","type":"page","link":"https:\/\/qanoid.com\/de\/faq\/","title":{"rendered":"FAQ"},"content":{"rendered":"\n\n\t<section class=\"section\" id=\"section_509553752\">\n\t\t<div class=\"section-bg fill\" >\n\t\t\t\t\t\t\t\t\t\n\t\t\t\n\n\t\t<\/div>\n\n\t\t\n\n\t\t<div class=\"section-content relative\">\n\t\t\t\n\n\t<div id=\"gap-29614897\" class=\"gap-element clearfix\" style=\"display:block; height:auto;\">\n\t\t\n<style>\n#gap-29614897 {\n  padding-top: 55px;\n}\n<\/style>\n\t<\/div>\n\t\n\n<div class=\"row\"  id=\"row-2127348813\">\n\n\n\t<div id=\"col-1138567521\" class=\"col medium-7 small-12 large-7\"  >\n\t\t\t\t<div class=\"col-inner\"  >\n\t\t\t\n\t\t\t\n\n<h1>FAQ \u2013 H\u00e4ufig gestellte Fragen<\/h1>\n<p>Durchsuchen Sie die Fragen unten, um Ihre Antwort zu finden!<\/p>\n\n\t\t<\/div>\n\t\t\t\t\n<style>\n#col-1138567521 > .col-inner {\n  margin: 0px 0px -20px 0px;\n}\n<\/style>\n\t<\/div>\n\n\t\n\n\t<div id=\"col-974515706\" class=\"col medium-5 small-12 large-5\"  >\n\t\t\t\t<div class=\"col-inner\"  >\n\t\t\t\n\t\t\t\n\n\t<div class=\"img has-hover x md-x lg-x y md-y lg-y\" id=\"image_728947334\">\n\t\t\t\t\t\t\t\t<div class=\"img-inner dark\" >\n\t\t\t<img decoding=\"async\" width=\"150\" height=\"150\" src=\"https:\/\/qanoid.com\/wp-content\/uploads\/2021\/07\/quanoid-icon-150x150px-help-small.svg\" class=\"attachment-large size-large\" alt=\"\" \/>\t\t\t\t\t\t\n\t\t\t\t\t<\/div>\n\t\t\t\t\t\t\t\t\n<style>\n#image_728947334 {\n  width: 25%;\n}\n@media (min-width:850px) {\n  #image_728947334 {\n    width: 15%;\n  }\n}\n<\/style>\n\t<\/div>\n\t\n\n\n\t\t<\/div>\n\t\t\t\t\t<\/div>\n\n\t\n\n<\/div>\n<div class=\"row row-collapse align-bottom\"  id=\"row-177561719\">\n\n\n\t<div id=\"col-1406272046\" class=\"col hide-for-small medium-4 small-12 large-4\"  >\n\t\t\t\t<div class=\"col-inner\"  >\n\t\t\t\n\t\t\t\n\n\t<div class=\"img has-hover x md-x lg-x y md-y lg-y\" id=\"image_592240874\">\n\t\t\t\t\t\t\t\t<div class=\"img-inner dark\" >\n\t\t\t<img decoding=\"async\" width=\"600\" height=\"888\" src=\"https:\/\/qanoid.com\/wp-content\/uploads\/2021\/07\/continue-diet-order-pizza-portrait-questioned-thinking-attractive-woman.png\" class=\"attachment-large size-large\" alt=\"\" srcset=\"https:\/\/qanoid.com\/wp-content\/uploads\/2021\/07\/continue-diet-order-pizza-portrait-questioned-thinking-attractive-woman.png 600w, https:\/\/qanoid.com\/wp-content\/uploads\/2021\/07\/continue-diet-order-pizza-portrait-questioned-thinking-attractive-woman-510x755.png 510w, https:\/\/qanoid.com\/wp-content\/uploads\/2021\/07\/continue-diet-order-pizza-portrait-questioned-thinking-attractive-woman-432x640.png 432w\" sizes=\"(max-width: 600px) 100vw, 600px\" \/>\t\t\t\t\t\t\n\t\t\t\t\t<\/div>\n\t\t\t\t\t\t\t\t\n<style>\n#image_592240874 {\n  width: 100%;\n}\n<\/style>\n\t<\/div>\n\t\n\n\n\t\t<\/div>\n\t\t\t\t\n<style>\n#col-1406272046 > .col-inner {\n  padding: 0px 0px 0px 0px;\n  margin: 0px 0px 0px 0px;\n}\n<\/style>\n\t<\/div>\n\n\t\n\n\t<div id=\"col-1043444043\" class=\"col medium-8 small-12 large-8\"  >\n\t\t\t\t<div class=\"col-inner\"  >\n\t\t\t\n\t\t\t\n\n<div class=\"accordion\">\n\n\t<div id=\"accordion-2027445165\" class=\"accordion-item\">\n\t\t<a id=\"accordion-2027445165-label\" class=\"accordion-title plain\" href=\"#accordion-item-ist-cbd-legal-in-europa?\" aria-expanded=\"false\" aria-controls=\"accordion-2027445165-content\" >\n\t\t\t<button class=\"toggle\" aria-label=\"Umschalten\"><i class=\"icon-angle-down\"><\/i><\/button>\n\t\t\t<span>Ist CBD legal in Europa?<\/span>\n\t\t<\/a>\n\t\t<div id=\"accordion-2027445165-content\" class=\"accordion-inner\" aria-labelledby=\"accordion-2027445165-label\" >\n\t\t\t\n\n<p>Ist CBD also in Europa legal oder nicht? Nun, das ist keine leicht zu beantwortende Frage, da die Regelungen rund um CBD noch in den Kinderschuhen stecken. Welche Menge an THC legal ist oder nicht, \u00e4ndert sich in regelm\u00e4\u00dfigen Abst\u00e4nden in verschiedenen L\u00e4ndern zu verschiedenen Zeiten, was es schwer macht, den \u00dcberblick dar\u00fcber zu behalten, was wo zu welcher Zeit passiert.<\/p>\n<h4>Beispiel 1: Ist CBD in Schweden legal?<\/h4>\n<p>In Schweden ist CBD unter der Bedingung legal, dass das Produkt 0,0% THC enth\u00e4lt. Wenn Sie sich mit Chemie auskennen, wissen Sie, dass es unm\u00f6glich ist, dass irgendetwas 0% von irgendetwas enth\u00e4lt, was CBD-Produkte in Schweden illegal macht. Es gibt jedoch Produkte, die extrem geringe Mengen an THC enthalten, so dass es f\u00fcr den Standard-Labortest unm\u00f6glich ist, messbare Mengen an THC zu finden, so dass das Produkt \u201cnicht-illegal\u201d ist.<\/p>\n<h4>Beispiel 2: Ist CBD in den Niederlanden legal?<\/h4>\n<p>In den Niederlanden hingegen ist CBD unter der Bedingung legal, dass es weniger als 0,05% THC enth\u00e4lt.<\/p>\n<h4>Beispiel 3: Ist CBD in Gro\u00dfbritannien legal?<\/h4>\n<p>CBD ist in Gro\u00dfbritannien unter der Bedingung legal, dass es weniger als 0,2% THC enth\u00e4lt.<\/p>\n<p><strong>Die Moral von der Geschichte ist, dass Sie\u00a0IMMER\u00a0pr\u00fcfen sollten, ob CBD an Ihrem Wohnort legal ist, bevor Sie irgendwelche Produkte aus unserem CBD-Shop bestellen.<\/strong><\/p>\n<p>Wir sind immer 100% transparent, was den Inhalt unserer Produkte betrifft. Wenn Sie also Fragen haben, k\u00f6nnen Sie uns gerne per E-Mail kontaktieren.<\/p>\n<p><em>Qanoid garantiert nicht, dass das Produkt in dem Land, aus dem Sie bestellen, legal ist.<\/em><br \/><em>Qanoid \u00fcbernimmt keine Verantwortung f\u00fcr etwaige Folgen bei Bestellungen in L\u00e4nder, in denen der Besitz\/Konsum von CBD-Produkten illegal ist.<\/em><\/p>\n\n\t\t<\/div>\n\t<\/div>\n\t\n\t<div id=\"accordion-2738449881\" class=\"accordion-item\">\n\t\t<a id=\"accordion-2738449881-label\" class=\"accordion-title plain\" href=\"#accordion-item-von-wo-aus-wird-meine-bestellung-verschickt?\" aria-expanded=\"false\" aria-controls=\"accordion-2738449881-content\" >\n\t\t\t<button class=\"toggle\" aria-label=\"Umschalten\"><i class=\"icon-angle-down\"><\/i><\/button>\n\t\t\t<span>Von wo aus wird meine Bestellung verschickt?<\/span>\n\t\t<\/a>\n\t\t<div id=\"accordion-2738449881-content\" class=\"accordion-inner\" aria-labelledby=\"accordion-2738449881-label\" >\n\t\t\t\n\n<p>Ihr Paket wird von einem unserer strategisch g\u00fcnstig gelegenen Logistikzentren in den Niederlanden oder Estland verschickt.<\/p>\n\n\t\t<\/div>\n\t<\/div>\n\t\n\t<div id=\"accordion-2251012550\" class=\"accordion-item\">\n\t\t<a id=\"accordion-2251012550-label\" class=\"accordion-title plain\" href=\"#accordion-item-wie-lange-dauert-es,-bis-mein-paket-ankommt?\" aria-expanded=\"false\" aria-controls=\"accordion-2251012550-content\" >\n\t\t\t<button class=\"toggle\" aria-label=\"Umschalten\"><i class=\"icon-angle-down\"><\/i><\/button>\n\t\t\t<span>Wie lange dauert es, bis mein Paket ankommt?<\/span>\n\t\t<\/a>\n\t\t<div id=\"accordion-2251012550-content\" class=\"accordion-inner\" aria-labelledby=\"accordion-2251012550-label\" >\n\t\t\t\n\n<p>Es h\u00e4ngt nat\u00fcrlich davon ab, von wo in Europa Sie bestellen, aber in \u201enormalen\u201c F\u00e4llen dauert die Lieferung ca. 3-5 Werktage. An den entlegensten Orten sollte das Paket nicht l\u00e4nger als 2 Wochen brauchen, um anzukommen.<\/p>\n\n\t\t<\/div>\n\t<\/div>\n\t\n\t<div id=\"accordion-2250051257\" class=\"accordion-item\">\n\t\t<a id=\"accordion-2250051257-label\" class=\"accordion-title plain\" href=\"#accordion-item-das-falsche-produkt-wurde-geliefert\" aria-expanded=\"false\" aria-controls=\"accordion-2250051257-content\" >\n\t\t\t<button class=\"toggle\" aria-label=\"Umschalten\"><i class=\"icon-angle-down\"><\/i><\/button>\n\t\t\t<span>Das falsche Produkt wurde geliefert<\/span>\n\t\t<\/a>\n\t\t<div id=\"accordion-2250051257-content\" class=\"accordion-inner\" aria-labelledby=\"accordion-2250051257-label\" >\n\t\t\t\n\n<p>Fehler k\u00f6nnen immer passieren, wenn auch sehr selten. Sollten Sie ein falsches Produkt geliefert bekommen, kontaktieren Sie uns bitte unter support@qanoid.com und wir werden daf\u00fcr sorgen, dass Sie das richtige Produkt erhalten.<\/p>\n<p>Bitte geben Sie die Bestellnummer an und f\u00fcgen Sie zur schnelleren Bearbeitung ein Bild des erhaltenen Produkts bei.<\/p>\n<p>HINWEIS: Leider k\u00f6nnen wir das Produkt nicht ersetzen, wenn die Verpackung kaputt ist.<\/p>\n\n\t\t<\/div>\n\t<\/div>\n\t\n\t<div id=\"accordion-3185900354\" class=\"accordion-item\">\n\t\t<a id=\"accordion-3185900354-label\" class=\"accordion-title plain\" href=\"#accordion-item-ich-m\u00f6chte-ein-h\u00e4ndler-werden\" aria-expanded=\"false\" aria-controls=\"accordion-3185900354-content\" >\n\t\t\t<button class=\"toggle\" aria-label=\"Umschalten\"><i class=\"icon-angle-down\"><\/i><\/button>\n\t\t\t<span>Ich m\u00f6chte ein H\u00e4ndler werden<\/span>\n\t\t<\/a>\n\t\t<div id=\"accordion-3185900354-content\" class=\"accordion-inner\" aria-labelledby=\"accordion-3185900354-label\" >\n\t\t\t\n\n<p>Toll! Wir sind immer auf der Suche nach neuen und spannenden Partnerschaften, bitte z\u00f6gern Sie nicht, mit uns \u00fcber das Formular auf unserer\u00a0Kontaktseite, \u00fcber diese E-Mail oder \u00fcber unsere sozialen Medien wie zum Beispiel\u00a0Instagram\u00a0in Kontakt zu treten.<\/p>\n\n\t\t<\/div>\n\t<\/div>\n\t\n\t<div id=\"accordion-2644001976\" class=\"accordion-item\">\n\t\t<a id=\"accordion-2644001976-label\" class=\"accordion-title plain\" href=\"#accordion-item-ich-m\u00f6chte-meine-lieferadresse-\u00e4ndern\" aria-expanded=\"false\" aria-controls=\"accordion-2644001976-content\" >\n\t\t\t<button class=\"toggle\" aria-label=\"Umschalten\"><i class=\"icon-angle-down\"><\/i><\/button>\n\t\t\t<span>Ich m\u00f6chte meine Lieferadresse \u00e4ndern<\/span>\n\t\t<\/a>\n\t\t<div id=\"accordion-2644001976-content\" class=\"accordion-inner\" aria-labelledby=\"accordion-2644001976-label\" >\n\t\t\t\n\n<p>Die Lieferadresse kann nur ge\u00e4ndert werden, wenn die Bestellung unser Lager noch nicht verlassen hat.<\/p>\n<p>Sollten Sie die Bestellung nicht an der angegebenen Adresse abholen k\u00f6nnen, warten Sie bitte, bis die Sendung an uns zur\u00fcckgeschickt wird. Wenn das Paket zur\u00fcckgekommen ist, k\u00f6nnen wir es zu neuen Versandkosten erneut an die richtige Adresse schicken.<\/p>\n\n\t\t<\/div>\n\t<\/div>\n\t\n\t<div id=\"accordion-3959250612\" class=\"accordion-item\">\n\t\t<a id=\"accordion-3959250612-label\" class=\"accordion-title plain\" href=\"#accordion-item-ich-m\u00f6chte-ein-qanoid-partner-werden\" aria-expanded=\"false\" aria-controls=\"accordion-3959250612-content\" >\n\t\t\t<button class=\"toggle\" aria-label=\"Umschalten\"><i class=\"icon-angle-down\"><\/i><\/button>\n\t\t\t<span>Ich m\u00f6chte ein Qanoid-Partner werden<\/span>\n\t\t<\/a>\n\t\t<div id=\"accordion-3959250612-content\" class=\"accordion-inner\" aria-labelledby=\"accordion-3959250612-label\" >\n\t\t\t\n\n<p>Erstaunliche Neuigkeiten! Wir sind immer auf der Suche nach neuen und interessanten Partnerschaften, bei denen wir einen Mehrwert f\u00fcr Influencer und Content Creators schaffen k\u00f6nnen, der uns in der Zwischenzeit hilft, das Bewusstsein f\u00fcr CBD und Qanoid zu erh\u00f6hen.<\/p>\n<p>Bitte z\u00f6gern Sie nicht, uns zu kontaktieren, um ein Treffen zu vereinbaren, bei dem Sie sich vorstellen k\u00f6nnen und wir uns Ihnen vorstellen k\u00f6nnen!<\/p>\n<p>Wenn wir die gleichen Werte und die gleiche Vision teilen, w\u00fcrden wir uns sehr freuen, mit Ihnen zusammenzuarbeiten!<\/p>\n\n\t\t<\/div>\n\t<\/div>\n\t\n\n<\/div>\n\t<div id=\"gap-1788553088\" class=\"gap-element clearfix\" style=\"display:block; height:auto;\">\n\t\t\n<style>\n#gap-1788553088 {\n  padding-top: 70px;\n}\n@media (min-width:550px) {\n  #gap-1788553088 {\n    padding-top: 90px;\n  }\n}\n<\/style>\n\t<\/div>\n\t\n\n\n\t\t<\/div>\n\t\t\t\t\t<\/div>\n\n\t\n\n\n<style>\n#row-177561719 > .col > .col-inner {\n  padding: 0px 0px 0px 0px;\n}\n<\/style>\n<\/div>\n\n\t\t<\/div>\n\n\t\t\n<style>\n#section_509553752 {\n  padding-top: 0px;\n  padding-bottom: 0px;\n  margin-bottom: 0px;\n  background-color: #d4eaef;\n}\n<\/style>\n\t<\/section>\n\t\n\n\n","protected":false},"excerpt":{"rendered":"","protected":false},"author":2,"featured_media":0,"parent":0,"menu_order":0,"comment_status":"closed","ping_status":"closed","template":"page-blank.php","meta":{"footnotes":""},"class_list":["post-5704","page","type-page","status-publish","hentry"],"_links":{"self":[{"href":"https:\/\/qanoid.com\/de\/wp-json\/wp\/v2\/pages\/5704","targetHints":{"allow":["GET"]}}],"collection":[{"href":"https:\/\/qanoid.com\/de\/wp-json\/wp\/v2\/pages"}],"about":[{"href":"https:\/\/qanoid.com\/de\/wp-json\/wp\/v2\/types\/page"}],"author":[{"embeddable":true,"href":"https:\/\/qanoid.com\/de\/wp-json\/wp\/v2\/users\/2"}],"replies":[{"embeddable":true,"href":"https:\/\/qanoid.com\/de\/wp-json\/wp\/v2\/comments?post=5704"}],"version-history":[{"count":7,"href":"https:\/\/qanoid.com\/de\/wp-json\/wp\/v2\/pages\/5704\/revisions"}],"predecessor-version":[{"id":7873,"href":"https:\/\/qanoid.com\/de\/wp-json\/wp\/v2\/pages\/5704\/revisions\/7873"}],"wp:attachment":[{"href":"https:\/\/qanoid.com\/de\/wp-json\/wp\/v2\/media?parent=5704"}],"curies":[{"name":"wp","href":"https:\/\/api.w.org\/{rel}","templated":true}]}}