{"id":5659,"date":"2021-03-22T02:17:12","date_gmt":"2021-03-22T01:17:12","guid":{"rendered":"https:\/\/www.qanoid.com\/groshandel\/"},"modified":"2021-08-08T14:06:19","modified_gmt":"2021-08-08T12:06:19","slug":"groshandel","status":"publish","type":"page","link":"https:\/\/qanoid.com\/de\/groshandel\/","title":{"rendered":"Gro\u00dfhandel"},"content":{"rendered":"\n\t<div id=\"gap-1718467509\" class=\"gap-element clearfix\" style=\"display:block; height:auto;\">\n\t\t\n<style>\n#gap-1718467509 {\n  padding-top: 30px;\n}\n<\/style>\n\t<\/div>\n\t\n\n\n\t<section class=\"section\" id=\"section_1302700575\">\n\t\t<div class=\"section-bg fill\" >\n\t\t\t\t\t\t\t\t\t\n\t\t\t\n\n\t\t<\/div>\n\n\t\t\n\n\t\t<div class=\"section-content relative\">\n\t\t\t\n\n\t<div id=\"gap-1018984456\" class=\"gap-element clearfix\" style=\"display:block; height:auto;\">\n\t\t\n<style>\n#gap-1018984456 {\n  padding-top: 40px;\n}\n@media (min-width:850px) {\n  #gap-1018984456 {\n    padding-top: 50px;\n  }\n}\n<\/style>\n\t<\/div>\n\t\n\n<div class=\"row align-center\"  id=\"row-973202839\">\n\n\n\t<div id=\"col-2138659179\" class=\"col small-12 large-12\"  >\n\t\t\t\t<div class=\"col-inner\"  >\n\t\t\t\n\t\t\t\n\n<h1 style=\"text-align: center;\"><span style=\"font-size: 120%;\">Sie suchen einen Partner, der zuverl\u00e4ssig CBD Bulkware f\u00fcr Ihr Gesch\u00e4ft liefert?<\/span><\/h1>\n\n\t\t<\/div>\n\t\t\t\t\n<style>\n#col-2138659179 > .col-inner {\n  padding: 0px 0px 10px 0px;\n}\n<\/style>\n\t<\/div>\n\n\t\n\n\t<div id=\"col-1584860720\" class=\"col medium-6 small-12 large-6\"  >\n\t\t\t\t<div class=\"col-inner\"  >\n\t\t\t\n\t\t\t\n\n<h2>Gemeinsame Werte<\/h2>\n<p>Bei Qanoid stehen unsere Kunden immer an erster Stelle. F\u00fcr uns ist es sehr wichtig, mit anderen Unternehmen zusammenzuarbeiten, die unsere Werte teilen. Wir suchen immer nach Nachhaltigkeit, Gleichberechtigung und Transparenz, wenn wir neue Partnerschaften eingehen.<\/p>\n<p>Wir glauben, dass die Zusammenarbeit mit Unternehmen, die unsere Grundwerte nicht teilen, kontraproduktiv und kurzsichtig ist. Qanoid ist hier, um zu bleiben, und wir m\u00fcssen wissen, dass unsere Partner das Wohlbefinden und die Zufriedenheit des Kunden im Fokus haben, um den Qualit\u00e4tsstempel, der die Marke Qanoid ist, zu erhalten.<\/p>\n\n\t\t<\/div>\n\t\t\t\t\t<\/div>\n\n\t\n\n\t<div id=\"col-822683473\" class=\"col medium-6 small-12 large-6\"  >\n\t\t\t\t<div class=\"col-inner\"  >\n\t\t\t\n\t\t\t\n\n<h2>Partner werden!<\/h2>\n<p>Nat\u00fcrlich freuen wir uns immer, neue und spannende Partnerschaften einzugehen. Wir lieben es, andere Unternehmer zu treffen und unser Netzwerk zu erweitern! CBD boomt und wir w\u00fcrden uns freuen, Sie auf dieser Reise begr\u00fc\u00dfen zu d\u00fcrfen!<\/p>\n<p>Bei einer Partnerschaft mit Qanoid k\u00f6nnen wir eine gro\u00dfe Auswahl an CBD-Bulkware anbieten. Bitte z\u00f6gern Sie nicht, uns zu kontaktieren, wenn Sie weitere Fragen \u00fcber uns oder unsere Produkte haben<\/p>\n<p><span style=\"font-size: 14.4px;\">.<\/span><\/p>\n\n\t\t<\/div>\n\t\t\t\t\n<style>\n#col-822683473 > .col-inner {\n  padding: 0px 0px 0px 0px;\n}\n@media (min-width:550px) {\n  #col-822683473 > .col-inner {\n    padding: 0px 40px 0px 0px;\n  }\n}\n<\/style>\n\t<\/div>\n\n\t\n\n<\/div>\n\n\t\t<\/div>\n\n\t\t\n<style>\n#section_1302700575 {\n  padding-top: 0px;\n  padding-bottom: 0px;\n  margin-bottom: 0px;\n  background-color: rgb(245, 240, 230);\n}\n<\/style>\n\t<\/section>\n\t\n<div class=\"row\"  id=\"row-1967033992\">\n\n\n\t<div id=\"col-604699517\" class=\"col small-12 large-12\"  >\n\t\t\t\t<div class=\"col-inner\"  >\n\t\t\t\n\t\t\t\n\n\n  <div class=\"banner has-hover\" id=\"banner-678024735\">\n          <div class=\"banner-inner fill\">\n        <div class=\"banner-bg fill\" >\n            <img decoding=\"async\" width=\"1020\" height=\"765\" src=\"https:\/\/qanoid.com\/wp-content\/uploads\/2020\/10\/IMG_20201007_121143-scaled-1024x768.jpg\" class=\"bg attachment-large size-large\" alt=\"CBD-BULK _ Bestes CBD in Europa _ Qanoid _ Offizielles CBD _ CBD-Shop _ CBD Europa _ CBD-\u00d6l\" \/>                        <div class=\"overlay\"><\/div>            \n                    <\/div>\n\t\t\n        <div class=\"banner-layers container\">\n            <a class=\"fill\" href=\"https:\/\/qanoid.com\/de\/shop\/\" ><div class=\"fill banner-link\"><\/div><\/a>            \n\n   <div id=\"text-box-922760208\" class=\"text-box banner-layer x50 md-x50 lg-x50 y90 md-y90 lg-y90 res-text\">\n                                <div class=\"text-box-content text dark text-shadow-2\">\n              \n              <div class=\"text-inner text-center\">\n                  \n\n<h2 class=\"uppercase\"><a href=\"https:\/\/qanoid.com\/de\/shop\/\"><strong>CBD-shop<\/strong><\/a><\/h2>\n<a href=\"https:\/\/qanoid.com\/de\/shop\/\" class=\"button success\"  style=\"border-radius:10px;\">\n\t\t<span>zum shop<\/span>\n\t<\/a>\n\n\n\n              <\/div>\n           <\/div>\n                            \n<style>\n#text-box-922760208 {\n  width: 80%;\n}\n#text-box-922760208 .text-box-content {\n  font-size: 100%;\n}\n<\/style>\n    <\/div>\n \n\n        <\/div>\n      <\/div>\n\n            \n<style>\n#banner-678024735 {\n  padding-top: 400px;\n}\n#banner-678024735 .overlay {\n  background-color: rgba(0, 0, 0, 0.2);\n}\n#banner-678024735 .banner-bg img {\n  object-position: 47% 64%;\n}\n<\/style>\n  <\/div>\n\n\n\n\t\t<\/div>\n\t\t\t\t\t<\/div>\n\n\t\n\n<\/div>\n\n\t<section class=\"section\" id=\"section_2056998571\">\n\t\t<div class=\"section-bg fill\" >\n\t\t\t\t\t\t\t\t\t\n\t\t\t\n\n\t\t<\/div>\n\n\t\t\n\n\t\t<div class=\"section-content relative\">\n\t\t\t\n\n\t<div id=\"gap-691118782\" class=\"gap-element clearfix\" style=\"display:block; height:auto;\">\n\t\t\n<style>\n#gap-691118782 {\n  padding-top: 40px;\n}\n@media (min-width:850px) {\n  #gap-691118782 {\n    padding-top: 50px;\n  }\n}\n<\/style>\n\t<\/div>\n\t\n\n<div class=\"row align-center\"  id=\"row-1873625572\">\n\n\n\t<div id=\"col-472338175\" class=\"col small-12 large-12\"  >\n\t\t\t\t<div class=\"col-inner\"  >\n\t\t\t\n\t\t\t\n\n<h2><span style=\"font-size: 150%;\">Innovation in gro\u00dfen Mengen<\/span><\/h2>\n\n\t\t<\/div>\n\t\t\t\t\t<\/div>\n\n\t\n\n\t<div id=\"col-413351004\" class=\"col medium-8 small-12 large-8\"  >\n\t\t\t\t<div class=\"col-inner\"  >\n\t\t\t\n\t\t\t\n\n<p>die noch nicht auf der Website eingef\u00fchrt wurde, zum Beispiel (aber nicht beschr\u00e4nkt auf):<\/p>\n<ul>\n<li>CBD-\u00d6le, die mit verschiedenen Vitaminen und CBD-St\u00e4rken infundiert sind<\/li>\n<li>CBD-Extrakte mit bis zu 50% CBD<\/li>\n<li>Verschiedene CBD-Hautpflegeprodukte wie Cremes, Lippenbalsam, Lifting-Serum usw.<\/li>\n<li>CBD-\u00d6le f\u00fcr Haustiere<\/li>\n<\/ul>\n<p>Nur Ihre Phantasie ist die Grenze!<\/p>\n\n\t\t<\/div>\n\t\t\t\t\n<style>\n#col-413351004 > .col-inner {\n  padding: 0px 0px 0px 0px;\n}\n@media (min-width:550px) {\n  #col-413351004 > .col-inner {\n    padding: 0px 40px 0px 0px;\n  }\n}\n<\/style>\n\t<\/div>\n\n\t\n\n\t<div id=\"col-1002662653\" class=\"col medium-4 small-12 large-4\"  >\n\t\t\t\t<div class=\"col-inner\"  >\n\t\t\t\n\t\t\t\n\n\n  \n    <div class=\"row large-columns-1 medium-columns- small-columns- row-small has-shadow row-box-shadow-2 slider row-slider slider-nav-simple\"  data-flickity-options='{&quot;imagesLoaded&quot;: true, &quot;groupCells&quot;: &quot;100%&quot;, &quot;dragThreshold&quot; : 5, &quot;cellAlign&quot;: &quot;left&quot;,&quot;wrapAround&quot;: true,&quot;prevNextButtons&quot;: true,&quot;percentPosition&quot;: true,&quot;pageDots&quot;: true, &quot;rightToLeft&quot;: false, &quot;autoPlay&quot; : 3000}' >\n\n  <div class=\"product-category col\" >\n            <div class=\"col-inner\">\n              <a aria-label=\"Produktkategorie Bundles besuchen\" href=\"https:\/\/qanoid.com\/de\/cbd-bundles-de\/\">                <div class=\"box box-category has-hover box-shade dark \">\n                <div class=\"box-image\" >\n                  <div class=\"\" >\n                  <img decoding=\"async\" src=\"https:\/\/qanoid.com\/wp-content\/uploads\/2021\/01\/Bundle-3x500mg-247x247.png\" alt=\"Bundles\" width=\"300\" height=\"300\" \/>                                    <div class=\"shade\"><\/div>                  <\/div>\n                <\/div>\n                <div class=\"box-text text-center\" >\n                  <div class=\"box-text-inner\">\n                      <h5 class=\"uppercase header-title\">\n                              Bundles                      <\/h5>\n                                            <p class=\"is-xsmall uppercase count \">\n\t                      3 Produkte                      <\/p>\n                                            \n                  <\/div>\n                <\/div>\n                <\/div>\n            <\/a>            <\/div>\n            <\/div><div class=\"product-category col\" >\n            <div class=\"col-inner\">\n              <a aria-label=\"Produktkategorie PREMIUM DROPS besuchen\" href=\"https:\/\/qanoid.com\/de\/cbd-premium-drops\/\">                <div class=\"box box-category has-hover box-shade dark \">\n                <div class=\"box-image\" >\n                  <div class=\"\" >\n                  <img decoding=\"async\" src=\"https:\/\/qanoid.com\/wp-content\/uploads\/2021\/06\/Qanoid-CBD-DROPS-15-247x247.jpg\" alt=\"PREMIUM DROPS\" width=\"300\" height=\"300\" \/>                                    <div class=\"shade\"><\/div>                  <\/div>\n                <\/div>\n                <div class=\"box-text text-center\" >\n                  <div class=\"box-text-inner\">\n                      <h5 class=\"uppercase header-title\">\n                              PREMIUM DROPS                      <\/h5>\n                                            <p class=\"is-xsmall uppercase count \">\n\t                      5 Produkte                      <\/p>\n                                            \n                  <\/div>\n                <\/div>\n                <\/div>\n            <\/a>            <\/div>\n            <\/div><\/div>\n\n\n\t\t<\/div>\n\t\t\t\t\t<\/div>\n\n\t\n\n<\/div>\n\n\t\t<\/div>\n\n\t\t\n<style>\n#section_2056998571 {\n  padding-top: 0px;\n  padding-bottom: 0px;\n  background-color: #d4eaef;\n}\n<\/style>\n\t<\/section>\n\t\n<div class=\"row\"  id=\"row-578344022\">\n\n\n\t<div id=\"col-24918062\" class=\"col medium-6 small-12 large-6\"  >\n\t\t\t\t<div class=\"col-inner\"  >\n\t\t\t\n\t\t\t\n\n<h3>Wir sind hier, um Ihnen zu helfen!<\/h3>\n<p class=\"lead\">Wenn Sie Fragen zu unserem Gro\u00dfhandelsprogramm oder CBD in gro\u00dfen Mengen haben, f\u00fcllen Sie das untenstehende Formular aus und wir werden uns bei Ihnen melden!<\/p>\n<a href=\"https:\/\/qanoid.com\/de\/kontakt\/\" class=\"button success\"  style=\"border-radius:10px;\">\n\t\t<span>Kontakt<\/span>\n\t<\/a>\n\n\n\n\t\t<\/div>\n\t\t\t\t\t<\/div>\n\n\t\n\n\t<div id=\"col-1667952861\" class=\"col medium-6 small-12 large-6\"  >\n\t\t\t\t<div class=\"col-inner\"  >\n\t\t\t\n\t\t\t\n\n\n\t\t<\/div>\n\t\t\t\t\t<\/div>\n\n\t\n\n<\/div>\n\n","protected":false},"excerpt":{"rendered":"","protected":false},"author":2,"featured_media":5527,"parent":0,"menu_order":0,"comment_status":"closed","ping_status":"closed","template":"","meta":{"footnotes":""},"class_list":["post-5659","page","type-page","status-publish","has-post-thumbnail","hentry"],"_links":{"self":[{"href":"https:\/\/qanoid.com\/de\/wp-json\/wp\/v2\/pages\/5659","targetHints":{"allow":["GET"]}}],"collection":[{"href":"https:\/\/qanoid.com\/de\/wp-json\/wp\/v2\/pages"}],"about":[{"href":"https:\/\/qanoid.com\/de\/wp-json\/wp\/v2\/types\/page"}],"author":[{"embeddable":true,"href":"https:\/\/qanoid.com\/de\/wp-json\/wp\/v2\/users\/2"}],"replies":[{"embeddable":true,"href":"https:\/\/qanoid.com\/de\/wp-json\/wp\/v2\/comments?post=5659"}],"version-history":[{"count":11,"href":"https:\/\/qanoid.com\/de\/wp-json\/wp\/v2\/pages\/5659\/revisions"}],"predecessor-version":[{"id":8556,"href":"https:\/\/qanoid.com\/de\/wp-json\/wp\/v2\/pages\/5659\/revisions\/8556"}],"wp:featuredmedia":[{"embeddable":true,"href":"https:\/\/qanoid.com\/de\/wp-json\/wp\/v2\/media\/5527"}],"wp:attachment":[{"href":"https:\/\/qanoid.com\/de\/wp-json\/wp\/v2\/media?parent=5659"}],"curies":[{"name":"wp","href":"https:\/\/api.w.org\/{rel}","templated":true}]}}