{"id":5622,"date":"2021-03-22T00:21:08","date_gmt":"2021-03-21T23:21:08","guid":{"rendered":"https:\/\/www.qanoid.com\/kontakt\/"},"modified":"2021-08-08T14:12:14","modified_gmt":"2021-08-08T12:12:14","slug":"kontakt","status":"publish","type":"page","link":"https:\/\/qanoid.com\/de\/kontakt\/","title":{"rendered":"Kontakt"},"content":{"rendered":"\n\n  <div class=\"banner has-hover has-parallax\" id=\"banner-1625997508\">\n          <div class=\"banner-inner fill\">\n        <div class=\"banner-bg fill\" data-parallax=\"-1\" data-parallax-container=\".banner\" data-parallax-background>\n            <img decoding=\"async\" width=\"2000\" height=\"500\" src=\"https:\/\/qanoid.com\/wp-content\/uploads\/2021\/07\/contact-page-qanoid-cbd-shop.jpg\" class=\"bg attachment-original size-original\" alt=\"\" \/>                        <div class=\"overlay\"><\/div>            \n                    <\/div>\n\t\t\n        <div class=\"banner-layers container\">\n            <a class=\"fill\" href=\"https:\/\/qanoid.comqanoid-official-cbd-shop-1-high-quality-cbd-oil-drops\/\" ><div class=\"fill banner-link\"><\/div><\/a>            \n\n   <div id=\"text-box-327037086\" class=\"text-box banner-layer x50 md-x50 lg-x50 y50 md-y50 lg-y50 res-text\">\n                                <div class=\"text-box-content text dark\">\n              \n              <div class=\"text-inner text-center\">\n                  \n\n\t<div id=\"text-1662872209\" class=\"text\">\n\t\t\n\n<h1><span style=\"font-size: 120%;\">Kontaktieren Sie uns!<\/span><\/h1>\n<p class=\"lead\">Haben Sie eine Frage an uns?<\/p>\n\t\t\n<style>\n#text-1662872209 {\n  text-align: center;\n}\n<\/style>\n\t<\/div>\n\t\n\n              <\/div>\n           <\/div>\n                            \n<style>\n#text-box-327037086 {\n  width: 90%;\n}\n#text-box-327037086 .text-box-content {\n  font-size: 100%;\n}\n@media (min-width:550px) {\n  #text-box-327037086 {\n    width: 80%;\n  }\n}\n@media (min-width:850px) {\n  #text-box-327037086 {\n    width: 60%;\n  }\n}\n<\/style>\n    <\/div>\n \n\n        <\/div>\n      <\/div>\n\n            \n<style>\n#banner-1625997508 {\n  padding-top: 350px;\n}\n#banner-1625997508 .overlay {\n  background-color: rgba(0, 0, 0, 0.17);\n}\n#banner-1625997508 .banner-bg img {\n  object-position: 47% 51%;\n}\n@media (min-width:850px) {\n  #banner-1625997508 {\n    padding-top: 400px;\n  }\n}\n<\/style>\n  <\/div>\n\n\n<div class=\"row row-collapse row-full-width align-equal align-center\"  id=\"row-620656467\">\n\n\n\t<div id=\"col-269447109\" class=\"col medium-6 small-12 large-6\"  >\n\t\t\t\t<div class=\"col-inner text-center\" style=\"background-color:#d4eaef;\" >\n\t\t\t\n\t\t\t\n\n\t<div id=\"gap-159203484\" class=\"gap-element clearfix\" style=\"display:block; height:auto;\">\n\t\t\n<style>\n#gap-159203484 {\n  padding-top: 45px;\n}\n<\/style>\n\t<\/div>\n\t\n\n<h2>Gerne helfen wir Ihnen weiter!<br \/>\n<\/h2>\n<p>Bitte z\u00f6gern Sie nicht, uns zu kontaktieren, wenn Sie Fragen zu Qanoid oder unseren Produkten haben.<br \/>\nWir bem\u00fchen uns, Ihre E-Mails so schnell wie m\u00f6glich zu beantworten. In den meisten F\u00e4llen erhalten Sie Ihre Antwort innerhalb von 24 Stunden.<\/p>\n<h2>Sie haben uns bereits kontaktiert, aber noch keine Antwort erhalten?<br \/>\n<\/h2>\n<p>Bitte \u00fcberpr\u00fcfen Sie Ihren Spam-Ordner, bevor Sie sich erneut melden.<\/p>\n<div class=\"is-divider divider clearfix\" style=\"margin-top:0.5em;margin-bottom:0.5em;\"><\/div>\n\n<p>F\u00fcr gesch\u00e4ftliche Anfragen senden Sie bitte eine E-Mail an <a href=\"mailto:wholesale@qanoid.com\">wholesale@qanoid.com<\/a><\/p>\n<a href=\"https:\/\/qanoid.com\/de\/faq\/\" class=\"button primary\"  >\n\t\t<span>FAQ<\/span>\n\t<\/a>\n\n\n\n\t\t<\/div>\n\t\t\t\t\t<\/div>\n\n\t\n\n\t<div id=\"col-1859914330\" class=\"col medium-6 small-12 large-6\"  >\n\t\t\t\t<div class=\"col-inner\"  >\n\t\t\t\n\t\t\t\n\n\t<div id=\"gap-297369787\" class=\"gap-element clearfix\" style=\"display:block; height:auto;\">\n\t\t\n<style>\n#gap-297369787 {\n  padding-top: 20px;\n}\n<\/style>\n\t<\/div>\n\t\n\n<h2>Senden Sie uns eine Nachricht:<\/h2>\n<div class=\"caldera-grid\" id=\"caldera_form_1\" data-cf-ver=\"1.9.6\" data-cf-form-id=\"CF60ec56599205e\"><div id=\"caldera_notices_1\" data-spinner=\"https:\/\/qanoid.com\/wp-admin\/images\/spinner.gif\"><\/div><form data-instance=\"1\" class=\"CF60ec56599205e caldera_forms_form cfajax-trigger\" method=\"POST\" enctype=\"multipart\/form-data\" id=\"CF60ec56599205e_1\" data-form-id=\"CF60ec56599205e\" aria-label=\"Contact\" data-target=\"#caldera_notices_1\" data-template=\"#cfajax_CF60ec56599205e-tmpl\" data-cfajax=\"CF60ec56599205e\" data-load-element=\"_parent\" data-load-class=\"cf_processing\" data-post-disable=\"0\" data-action=\"cf_process_ajax_submit\" data-request=\"https:\/\/qanoid.com\/de\/\/cf-api\/CF60ec56599205e\" data-hiderows=\"true\">\r\n<input type=\"hidden\" id=\"_cf_verify_CF60ec56599205e\" name=\"_cf_verify\" value=\"6f4d46f13a\"  data-nonce-time=\"1778160711\" \/><input type=\"hidden\" name=\"_wp_http_referer\" value=\"\/de\/wp-json\/wp\/v2\/pages\/5622\" \/><div id=\"cf2-CF60ec56599205e_1\"><\/div><input type=\"hidden\" name=\"_cf_frm_id\" value=\"CF60ec56599205e\">\r\n<input type=\"hidden\" name=\"_cf_frm_ct\" value=\"1\">\r\n<input type=\"hidden\" name=\"cfajax\" value=\"CF60ec56599205e\">\r\n<input type=\"hidden\" name=\"_cf_cr_pst\" value=\"5622\">\r\n<div class=\"hide\" style=\"display:none; overflow:hidden;height:0;width:0;\">\r\n<label>E-Mail-Adresse<\/label><input type=\"text\" name=\"email\" value=\"\" autocomplete=\"off\">\r\n<\/div><div id=\"CF60ec56599205e_1-row-1\"  class=\"row  first_row\"><div  class=\"col-sm-12  single\"><div data-field-wrapper=\"fld_8768091\" class=\"form-group\" id=\"fld_8768091_1-wrap\">\r\n\t<label id=\"fld_8768091Label\" for=\"fld_8768091_1\" class=\"control-label\">Name <span aria-hidden=\"true\" role=\"presentation\" class=\"field_required\" style=\"color:#ee0000;\">*<\/span><\/label>\r\n\t<div class=\"\">\r\n\t\t<input   required type=\"text\" data-field=\"fld_8768091\" class=\" form-control\" id=\"fld_8768091_1\" name=\"fld_8768091\" value=\"\" data-type=\"text\" aria-required=\"true\"   aria-labelledby=\"fld_8768091Label\" >\t\t\t<\/div>\r\n<\/div>\r\n<div data-field-wrapper=\"fld_6009157\" class=\"form-group\" id=\"fld_6009157_1-wrap\">\r\n\t<label id=\"fld_6009157Label\" for=\"fld_6009157_1\" class=\"control-label\">Email Address <span aria-hidden=\"true\" role=\"presentation\" class=\"field_required\" style=\"color:#ee0000;\">*<\/span><\/label>\r\n\t<div class=\"\">\r\n\t\t<input   required type=\"email\" data-field=\"fld_6009157\" class=\" form-control\" id=\"fld_6009157_1\" name=\"fld_6009157\" value=\"\" data-type=\"email\" aria-required=\"true\"   aria-labelledby=\"fld_6009157Label\" >\t\t\t<\/div>\r\n<\/div>\r\n<\/div><\/div><div id=\"CF60ec56599205e_1-row-2\"  class=\"row \"><div  class=\"col-sm-12  single\"><div data-field-wrapper=\"fld_7683514\" class=\"form-group\" id=\"fld_7683514_1-wrap\">\r\n\t<label id=\"fld_7683514Label\" for=\"fld_7683514_1\" class=\"control-label\">Message <span aria-hidden=\"true\" role=\"presentation\" class=\"field_required\" style=\"color:#ee0000;\">*<\/span><\/label>\r\n\t<div class=\"\">\r\n\t\t<textarea name=\"fld_7683514\" value=\"\" data-field=\"fld_7683514\" class=\"form-control\" id=\"fld_7683514_1\" rows=\"8\"  required=\"required\"  aria-labelledby=\"fld_7683514Label\" ><\/textarea>\n\t\t\t<\/div>\r\n<\/div>\r\n<\/div><\/div><div id=\"CF60ec56599205e_1-row-3\"  class=\"row  last_row\"><div  class=\"col-sm-12  single\"><div data-field-wrapper=\"fld_6226881\" class=\"form-group\" id=\"fld_6226881_1-wrap\">\r\n<div class=\"\">\r\n\n<div class=\"checkbox-inline caldera-forms-consent-field\">\n    <input data-parsley-required=\"true\" data-parsley-group=\"fld_6226881_1\" data-parsley-multiple=\"fld_6226881_1\"        type=\"checkbox\" data-label=\"I agree\"\n        data-field=\"fld_6226881\"\n        id=\"fld_6226881_1\"\n        class=\"fld_6226881_1 option-required\"\n        name=\"fld_6226881\"\n        value=\"1\"\n        data-type=\"checkbox\"\n        data-checkbox-field=\"fld_6226881_1\"\n    >\n    <label for=\"fld_6226881_1\"\n           class=\"caldera-forms-gdpr-field-label\"\n           style=\"display:inline; margin-left: 0.5rem;\"\n    >\n                <p\n            class=\"caldera-forms-consent-field-agreement\"\n        >\n            I agree to the         <\/p>\n        <a href=\"https:\/\/qanoid.com\/privacy-policy-cbd-drops-1-oil-drops-quality-cbd\/\"\n           target=\"_blank\"\n                title=\"Privacy Policy Page\"\n            class=\"caldera-forms-consent-field-linked_text\"\n            >\n            Privacy Policy        <\/a>\n    <\/label>\n    <span style=\"color:#ff0000;\">*<\/span>\n<\/div>\n\n<\/div>\r\n<\/div>\r\n<div data-field-wrapper=\"fld_7908577\" class=\"form-group\" id=\"fld_7908577_1-wrap\">\r\n<div class=\"\">\r\n\t<input  class=\"btn btn-default\" type=\"submit\" name=\"fld_7908577\" id=\"fld_7908577_1\" value=\"Send Message\" data-field=\"fld_7908577\"  >\n<\/div>\r\n<\/div>\r\n\t<input class=\"button_trigger_1\" type=\"hidden\" name=\"fld_7908577\" id=\"fld_7908577_1_btn\" value=\"\" data-field=\"fld_7908577\"  \/>\n<\/div><\/div><\/form>\r\n<\/div>\r\n\n\n\t\t<\/div>\n\t\t\t\t\t<\/div>\n\n\t\n\n\n<style>\n#row-620656467 > .col > .col-inner {\n  padding: 30px 15px 25px 15px;\n}\n@media (min-width:550px) {\n  #row-620656467 > .col > .col-inner {\n    padding: 30px 40px 25px 40px;\n  }\n}\n<\/style>\n<\/div>\n\n\t<section class=\"section\" id=\"section_2084892195\">\n\t\t<div class=\"section-bg fill\" >\n\t\t\t\t\t\t\t\t\t\n\t\t\t\n\n\t\t<\/div>\n\n\t\t\n\n\t\t<div class=\"section-content relative\">\n\t\t\t\n\n<div class=\"row align-equal\"  id=\"row-1604053351\">\n\n\n\t<div id=\"col-336590786\" class=\"col medium-6 small-12 large-6\"  >\n\t\t\t\t<div class=\"col-inner\"  >\n\t\t\t\n\t\t\t\n\n<h2>Ist CBD in meinem Land legal?<\/h2>\n<p>Es gibt keine schnelle Antwort auf die Frage, ob CBD legal ist, da die Legalit\u00e4t von Land zu Land unterschiedlich ist. Pr\u00fcfen Sie unsere FAQ f\u00fcr weitere Informationen.<\/p>\n<p>Haftungsausschluss: Die Legalit\u00e4t von CBD \u00e4ndert sich st\u00e4ndig, \u00fcberpr\u00fcfen Sie immer mit Ihren lokalen Beh\u00f6rden vor der Bestellung, Qanoid B.V. \u00fcbernimmt keine Verantwortung, wenn die Informationen auf dieser Seite veraltet sind.<\/p>\n\n\t\t<\/div>\n\t\t\t\t\t<\/div>\n\n\t\n\n\t<div id=\"col-827933267\" class=\"col medium-6 small-12 large-6\"  >\n\t\t\t\t<div class=\"col-inner text-center\"  >\n\t\t\t\n\t\t\t\n\n\t<div id=\"gap-897230676\" class=\"gap-element clearfix\" style=\"display:block; height:auto;\">\n\t\t\n<style>\n#gap-897230676 {\n  padding-top: 30px;\n}\n<\/style>\n\t<\/div>\n\t\n\n<h2>FAQ<\/h2>\n<p><a href=\"https:\/\/qanoid.com\/de\/faq\/\">Schauen Sie in unserem Helpcenter nach, ob Ihre Frage bereits beantwortet wurde!<\/a><\/p>\n<a href=\"https:\/\/qanoid.com\/de\/faq\/\" class=\"button primary\"  style=\"border-radius:10px;\">\n\t\t<span>Hier klicken<\/span>\n\t<\/a>\n\n\n\n\t\t<\/div>\n\t\t\t\t\n<style>\n#col-827933267 > .col-inner {\n  padding: 15% 10% 10% 10%;\n  max-width: 520px;\n}\n@media (min-width:550px) {\n  #col-827933267 > .col-inner {\n    padding: 5% 10% 5% 10%;\n  }\n}\n<\/style>\n\t<\/div>\n\n\t\n\n<\/div>\n\n\t\t<\/div>\n\n\t\t\n<style>\n#section_2084892195 {\n  padding-top: 30px;\n  padding-bottom: 30px;\n  background-color: rgb(245, 240, 230);\n}\n<\/style>\n\t<\/section>\n\t\n\t<div id=\"gap-842506224\" class=\"gap-element clearfix\" style=\"display:block; height:auto;\">\n\t\t\n<style>\n#gap-842506224 {\n  padding-top: 70px;\n}\n<\/style>\n\t<\/div>\n\t\n\n<div class=\"row\"  id=\"row-360371185\">\n\n\n\t<div id=\"col-159046031\" class=\"col small-12 large-12\"  >\n\t\t\t\t<div class=\"col-inner text-center\"  >\n\t\t\t\n\t\t\t\n\n<h2>Auf der Suche nach CBD-Zertifikaten?<\/h2>\n<p>Besuchen Sie unsere Seite mit herunterladbaren Inhalten. Klicken Sie auf den Link unten!<\/p>\n<a href=\"https:\/\/qanoid.com\/de\/herunterladbarer-inhalt\/\" class=\"button primary is-underline\"  >\n\t\t<span>Zertifikat hier anfordern!<\/span>\n\t<\/a>\n\n\n\n\t\t<\/div>\n\t\t\t\t\t<\/div>\n\n\t\n\n\n<style>\n#row-360371185 > .col > .col-inner {\n  padding: 0px 0px 25px 0px;\n}\n<\/style>\n<\/div>\n\n","protected":false},"excerpt":{"rendered":"","protected":false},"author":2,"featured_media":5903,"parent":0,"menu_order":0,"comment_status":"closed","ping_status":"closed","template":"page-transparent-header-light.php","meta":{"footnotes":""},"class_list":["post-5622","page","type-page","status-publish","has-post-thumbnail","hentry"],"_links":{"self":[{"href":"https:\/\/qanoid.com\/de\/wp-json\/wp\/v2\/pages\/5622","targetHints":{"allow":["GET"]}}],"collection":[{"href":"https:\/\/qanoid.com\/de\/wp-json\/wp\/v2\/pages"}],"about":[{"href":"https:\/\/qanoid.com\/de\/wp-json\/wp\/v2\/types\/page"}],"author":[{"embeddable":true,"href":"https:\/\/qanoid.com\/de\/wp-json\/wp\/v2\/users\/2"}],"replies":[{"embeddable":true,"href":"https:\/\/qanoid.com\/de\/wp-json\/wp\/v2\/comments?post=5622"}],"version-history":[{"count":18,"href":"https:\/\/qanoid.com\/de\/wp-json\/wp\/v2\/pages\/5622\/revisions"}],"predecessor-version":[{"id":8564,"href":"https:\/\/qanoid.com\/de\/wp-json\/wp\/v2\/pages\/5622\/revisions\/8564"}],"wp:featuredmedia":[{"embeddable":true,"href":"https:\/\/qanoid.com\/de\/wp-json\/wp\/v2\/media\/5903"}],"wp:attachment":[{"href":"https:\/\/qanoid.com\/de\/wp-json\/wp\/v2\/media?parent=5622"}],"curies":[{"name":"wp","href":"https:\/\/api.w.org\/{rel}","templated":true}]}}